{"id":633,"date":"2018-04-13T09:28:06","date_gmt":"2018-04-13T09:28:06","guid":{"rendered":"http:\/\/radzynskirocznik.pl\/?page_id=633"},"modified":"2020-03-21T16:02:22","modified_gmt":"2020-03-21T16:02:22","slug":"tom-16-1-2018","status":"publish","type":"page","link":"https:\/\/radzynskirocznik.pl\/?page_id=633","title":{"rendered":"TOM 16, 1\/2018"},"content":{"rendered":"<p><img loading=\"lazy\" decoding=\"async\" class=\"size-full wp-image-634 alignright\" src=\"http:\/\/radzynskirocznik.pl\/wp-content\/uploads\/2018\/04\/16_1.jpg\" alt=\"\" width=\"232\" height=\"229\" \/><\/p>\n<p>&nbsp;<\/p>\n<p><a href=\"http:\/\/radzynskirocznik.pl\/wp-content\/uploads\/2018\/04\/00.tytulowa_redakcyjna_spis.pdf\">Strona redakcyjna i spis tre\u015bci<\/a><\/p>\n<p>&nbsp;<\/p>\n<p><a href=\"http:\/\/radzynskirocznik.pl\/?sdm_downloads=rozwoj-szpitalnictwa-i-opieki-spolecznej-w-dekanacie-wegrowskim-w-xvii-i-xviii-wieku\">KRYSTYNA G\u00d3RSKA, Rozw\u00f3j szpitalnictwa i opieki spo\u0142ecznej w dekanacie w\u0119growskim w XVII i XVIII wieku<\/a><\/p>\n<p><a href=\"http:\/\/radzynskirocznik.pl\/?sdm_downloads=dzieje-konwentu-paulinow-we-wlodawie-ze-szczegolnym-uwzglednienia-wyposazenia-niezachowanej-kaplicy-przyklasztornej-oraz-kosciola-sw-ludwika-krola\">MAGDALENA LUDERA, Dzieje konwentu Paulin\u00f3w we W\u0142odawie ze szczeg\u00f3lnym uwzgl\u0119dnienia wyposa\u017cenia niezachowanej kaplicy przyklasztornej oraz ko\u015bcio\u0142a \u015bw. Ludwika Kr\u00f3la<\/a><\/p>\n<p><a href=\"http:\/\/radzynskirocznik.pl\/?sdm_downloads=najwazniejsze-elementy-reformy-kancelarii-centrali-ministerstwa-spraw-zagranicznych-w-warszawie-w-1933-roku\">PIOTR ROMANOWSKI, Najwa\u017cniejsze elementy reformy kancelarii centrali Ministerstwa Spraw Zagranicznych w Warszawie w 1933 roku<\/a><\/p>\n<p><a href=\"http:\/\/radzynskirocznik.pl\/?sdm_downloads=kultura-fizyczna-w-garnizonie-siedlce-w-latach-1922-1939\">PAWE\u0141 BOREK, Kultura fizyczna w garnizonie Siedlce w latach 1922-1939<\/a><\/p>\n<p><a href=\"http:\/\/radzynskirocznik.pl\/?sdm_downloads=wlodawski-okres-9-pulku-artylerii-ciezkiej-w-fotografii-zbiory-janiny-jachimczuk\">PIOTR A. CZY\u017b,\u00a0W\u0142odawski okres 9 Pu\u0142ku Artylerii Ci\u0119\u017ckiej w fotografii. Zbiory Janiny Jachimczuk<\/a><\/p>\n<p><a href=\"http:\/\/radzynskirocznik.pl\/?sdm_downloads=zycie-codzienne-zolnierzy-niemieckich-na-froncie-wschodnim-w-czasie-ii-wojny-swiatowej\">BART\u0141OMIEJ GRYTA, \u017bycie codzienne \u017co\u0142nierzy niemieckich na froncie wschodnim w czasie II wojny \u015bwiatowej<\/a><\/p>\n<p><a href=\"http:\/\/radzynskirocznik.pl\/?sdm_downloads=jan-grudzinski-plomien-1914-1948\">GRZEGORZ KARPI\u0143SKI, Jan Grudzi\u0144ski &#8222;P\u0142omie\u0144&#8221; (1914-1948)<\/a><\/p>\n<p><a href=\"http:\/\/radzynskirocznik.pl\/?sdm_downloads=rozpowszechnianie-komunistycznej-prasy-partyjnej-w-wojewodztwie-lubelskim-1946-1948\">GABRIEL PIOTR URBAN, Rozpowszechnianie komunistycznej prasy partyjnej w wojew\u00f3dztwie lubelskim 1946-1948<\/a><\/p>\n<p><a href=\"http:\/\/radzynskirocznik.pl\/?sdm_downloads=powiatowy-sztab-ochotniczej-rezerwy-milicji-obywatelskiej-w-radzyniu-podlaskim-1963-1975-jako-przedmiot-badan-archiwoznawcy\">DARIUSZ MAGIER, Powiatowy Sztab Ochotniczej Rezerwy Milicji Obywatelskiej w Radzyniu Podlaskim (1963-1975) &#8211; jako przedmiot bada\u0144 archiwoznawcy<\/a><\/p>\n<p><a href=\"http:\/\/radzynskirocznik.pl\/?sdm_downloads=lewicowy-terroryzm-w-europie-zachodniej-w-xx-polowie-xx-i-na-poczatku-xxi-wieku-podstawowe-informacje-i-kierunki-rozwoju\">MA\u0141GORZATA KIJEWSKA, Lewicowy terroryzm w Europie Zachodniej w XX po\u0142owie XX i na pocz\u0105tku XXI wieku. Podstawowe informacje i kierunki rozwoju<\/a><\/p>\n<p><a href=\"http:\/\/radzynskirocznik.pl\/?sdm_downloads=czy-zostala-wykorzystana-szansa-na-opisanie-gospodarczych-dziejow-poludniowego-podlasia-w-okresie-miedzywojennym-wokol-ksiazki-arkadiusza-zawadzkiego-gospodarka-poludniowego-podlasia-w-latac\">MA\u0141GORZATA ROSPARA, AGNIESZKA STA\u0143SKA, Czy zosta\u0142a wykorzystana szansa na opisanie gospodarczych dziej\u00f3w Po\u0142udniowego Podlasia w okresie mi\u0119dzywojennym? Wok\u00f3\u0142 ksi\u0105\u017cki Arkadiusza Zawadzkiego &#8222;Gospodarka Po\u0142udniowego Podlasia w latach 1918-1939&#8221;<\/a><\/p>\n<p><a href=\"http:\/\/radzynskirocznik.pl\/?sdm_downloads=w-odpowiedzi-na-artykul-recenzyjny-malgorzaty-rospary-i-agnieszki-stanskiej-na-temat-ksiazki-gospodarka-poludniowego-podlasia-w-latach-1918-1939\">ARKADIUSZ ZAWADZKI, W odpowiedzi na artyku\u0142 recenzyjny Ma\u0142gorzaty Rospary i Agnieszki Sta\u0144skiej na temat ksi\u0105\u017cki &#8222;Gospodarka Po\u0142udniowego Podlasia w latach 1918-1939&#8221;<\/a><\/p>\n<p>&nbsp;<\/p>\n","protected":false},"excerpt":{"rendered":"<p>&nbsp; Strona redakcyjna i spis tre\u015bci &nbsp; KRYSTYNA G\u00d3RSKA, Rozw\u00f3j szpitalnictwa i opieki spo\u0142ecznej w dekanacie w\u0119growskim w XVII i XVIII wieku MAGDALENA LUDERA, Dzieje konwentu Paulin\u00f3w we W\u0142odawie ze szczeg\u00f3lnym uwzgl\u0119dnienia wyposa\u017cenia niezachowanej kaplicy przyklasztornej oraz ko\u015bcio\u0142a \u015bw. Ludwika Kr\u00f3la PIOTR ROMANOWSKI, Najwa\u017cniejsze elementy reformy kancelarii centrali Ministerstwa Spraw Zagranicznych w Warszawie w 1933 [&hellip;]<\/p>\n","protected":false},"author":3,"featured_media":0,"parent":0,"menu_order":0,"comment_status":"closed","ping_status":"closed","template":"","meta":{"footnotes":""},"class_list":["post-633","page","type-page","status-publish","hentry"],"yoast_head":"<!-- This site is optimized with the Yoast SEO plugin v26.6 - https:\/\/yoast.com\/wordpress\/plugins\/seo\/ -->\n<title>TOM 16, 1\/2018 - Radzy\u0144ski Rocznik Humanistyczny<\/title>\n<meta name=\"robots\" content=\"index, follow, max-snippet:-1, max-image-preview:large, max-video-preview:-1\" \/>\n<link rel=\"canonical\" href=\"https:\/\/radzynskirocznik.pl\/?page_id=633\" \/>\n<meta property=\"og:locale\" content=\"pl_PL\" \/>\n<meta property=\"og:type\" content=\"article\" \/>\n<meta property=\"og:title\" content=\"TOM 16, 1\/2018 - Radzy\u0144ski Rocznik Humanistyczny\" \/>\n<meta property=\"og:description\" content=\"&nbsp; Strona redakcyjna i spis tre\u015bci &nbsp; KRYSTYNA G\u00d3RSKA, Rozw\u00f3j szpitalnictwa i opieki spo\u0142ecznej w dekanacie w\u0119growskim w XVII i XVIII wieku MAGDALENA LUDERA, Dzieje konwentu Paulin\u00f3w we W\u0142odawie ze szczeg\u00f3lnym uwzgl\u0119dnienia wyposa\u017cenia niezachowanej kaplicy przyklasztornej oraz ko\u015bcio\u0142a \u015bw. Ludwika Kr\u00f3la PIOTR ROMANOWSKI, Najwa\u017cniejsze elementy reformy kancelarii centrali Ministerstwa Spraw Zagranicznych w Warszawie w 1933 [&hellip;]\" \/>\n<meta property=\"og:url\" content=\"https:\/\/radzynskirocznik.pl\/?page_id=633\" \/>\n<meta property=\"og:site_name\" content=\"Radzy\u0144ski Rocznik Humanistyczny\" \/>\n<meta property=\"article:publisher\" content=\"https:\/\/www.facebook.com\/inbrosz\" \/>\n<meta property=\"article:modified_time\" content=\"2020-03-21T16:02:22+00:00\" \/>\n<meta property=\"og:image\" content=\"http:\/\/radzynskirocznik.pl\/wp-content\/uploads\/2018\/04\/16_1.jpg\" \/>\n<meta name=\"twitter:card\" content=\"summary_large_image\" \/>\n<meta name=\"twitter:label1\" content=\"Szacowany czas czytania\" \/>\n\t<meta name=\"twitter:data1\" content=\"1 minuta\" \/>\n<script type=\"application\/ld+json\" class=\"yoast-schema-graph\">{\"@context\":\"https:\/\/schema.org\",\"@graph\":[{\"@type\":\"WebPage\",\"@id\":\"https:\/\/radzynskirocznik.pl\/?page_id=633\",\"url\":\"https:\/\/radzynskirocznik.pl\/?page_id=633\",\"name\":\"TOM 16, 1\/2018 - Radzy\u0144ski Rocznik Humanistyczny\",\"isPartOf\":{\"@id\":\"https:\/\/radzynskirocznik.pl\/#website\"},\"primaryImageOfPage\":{\"@id\":\"https:\/\/radzynskirocznik.pl\/?page_id=633#primaryimage\"},\"image\":{\"@id\":\"https:\/\/radzynskirocznik.pl\/?page_id=633#primaryimage\"},\"thumbnailUrl\":\"http:\/\/radzynskirocznik.pl\/wp-content\/uploads\/2018\/04\/16_1.jpg\",\"datePublished\":\"2018-04-13T09:28:06+00:00\",\"dateModified\":\"2020-03-21T16:02:22+00:00\",\"breadcrumb\":{\"@id\":\"https:\/\/radzynskirocznik.pl\/?page_id=633#breadcrumb\"},\"inLanguage\":\"pl-PL\",\"potentialAction\":[{\"@type\":\"ReadAction\",\"target\":[\"https:\/\/radzynskirocznik.pl\/?page_id=633\"]}]},{\"@type\":\"ImageObject\",\"inLanguage\":\"pl-PL\",\"@id\":\"https:\/\/radzynskirocznik.pl\/?page_id=633#primaryimage\",\"url\":\"https:\/\/radzynskirocznik.pl\/wp-content\/uploads\/2018\/04\/16_1.jpg\",\"contentUrl\":\"https:\/\/radzynskirocznik.pl\/wp-content\/uploads\/2018\/04\/16_1.jpg\",\"width\":232,\"height\":229},{\"@type\":\"BreadcrumbList\",\"@id\":\"https:\/\/radzynskirocznik.pl\/?page_id=633#breadcrumb\",\"itemListElement\":[{\"@type\":\"ListItem\",\"position\":1,\"name\":\"Strona g\u0142\u00f3wna\",\"item\":\"https:\/\/radzynskirocznik.pl\/?lang=en\"},{\"@type\":\"ListItem\",\"position\":2,\"name\":\"TOM 16, 1\/2018\"}]},{\"@type\":\"WebSite\",\"@id\":\"https:\/\/radzynskirocznik.pl\/#website\",\"url\":\"https:\/\/radzynskirocznik.pl\/\",\"name\":\"Radzy\u0144ski Rocznik Humanistyczny\",\"description\":\"\",\"publisher\":{\"@id\":\"https:\/\/radzynskirocznik.pl\/#organization\"},\"potentialAction\":[{\"@type\":\"SearchAction\",\"target\":{\"@type\":\"EntryPoint\",\"urlTemplate\":\"https:\/\/radzynskirocznik.pl\/?s={search_term_string}\"},\"query-input\":{\"@type\":\"PropertyValueSpecification\",\"valueRequired\":true,\"valueName\":\"search_term_string\"}}],\"inLanguage\":\"pl-PL\"},{\"@type\":\"Organization\",\"@id\":\"https:\/\/radzynskirocznik.pl\/#organization\",\"name\":\"Instytut Bronis\u0142awa Szlubowskiego\",\"url\":\"https:\/\/radzynskirocznik.pl\/\",\"logo\":{\"@type\":\"ImageObject\",\"inLanguage\":\"pl-PL\",\"@id\":\"https:\/\/radzynskirocznik.pl\/#\/schema\/logo\/image\/\",\"url\":\"http:\/\/radzynskirocznik.pl\/wp-content\/uploads\/2020\/12\/logo-pion.jpg\",\"contentUrl\":\"http:\/\/radzynskirocznik.pl\/wp-content\/uploads\/2020\/12\/logo-pion.jpg\",\"width\":1393,\"height\":727,\"caption\":\"Instytut Bronis\u0142awa Szlubowskiego\"},\"image\":{\"@id\":\"https:\/\/radzynskirocznik.pl\/#\/schema\/logo\/image\/\"},\"sameAs\":[\"https:\/\/www.facebook.com\/inbrosz\"]}]}<\/script>\n<!-- \/ Yoast SEO plugin. -->","yoast_head_json":{"title":"TOM 16, 1\/2018 - Radzy\u0144ski Rocznik Humanistyczny","robots":{"index":"index","follow":"follow","max-snippet":"max-snippet:-1","max-image-preview":"max-image-preview:large","max-video-preview":"max-video-preview:-1"},"canonical":"https:\/\/radzynskirocznik.pl\/?page_id=633","og_locale":"pl_PL","og_type":"article","og_title":"TOM 16, 1\/2018 - Radzy\u0144ski Rocznik Humanistyczny","og_description":"&nbsp; Strona redakcyjna i spis tre\u015bci &nbsp; KRYSTYNA G\u00d3RSKA, Rozw\u00f3j szpitalnictwa i opieki spo\u0142ecznej w dekanacie w\u0119growskim w XVII i XVIII wieku MAGDALENA LUDERA, Dzieje konwentu Paulin\u00f3w we W\u0142odawie ze szczeg\u00f3lnym uwzgl\u0119dnienia wyposa\u017cenia niezachowanej kaplicy przyklasztornej oraz ko\u015bcio\u0142a \u015bw. Ludwika Kr\u00f3la PIOTR ROMANOWSKI, Najwa\u017cniejsze elementy reformy kancelarii centrali Ministerstwa Spraw Zagranicznych w Warszawie w 1933 [&hellip;]","og_url":"https:\/\/radzynskirocznik.pl\/?page_id=633","og_site_name":"Radzy\u0144ski Rocznik Humanistyczny","article_publisher":"https:\/\/www.facebook.com\/inbrosz","article_modified_time":"2020-03-21T16:02:22+00:00","og_image":[{"url":"http:\/\/radzynskirocznik.pl\/wp-content\/uploads\/2018\/04\/16_1.jpg","type":"","width":"","height":""}],"twitter_card":"summary_large_image","twitter_misc":{"Szacowany czas czytania":"1 minuta"},"schema":{"@context":"https:\/\/schema.org","@graph":[{"@type":"WebPage","@id":"https:\/\/radzynskirocznik.pl\/?page_id=633","url":"https:\/\/radzynskirocznik.pl\/?page_id=633","name":"TOM 16, 1\/2018 - Radzy\u0144ski Rocznik Humanistyczny","isPartOf":{"@id":"https:\/\/radzynskirocznik.pl\/#website"},"primaryImageOfPage":{"@id":"https:\/\/radzynskirocznik.pl\/?page_id=633#primaryimage"},"image":{"@id":"https:\/\/radzynskirocznik.pl\/?page_id=633#primaryimage"},"thumbnailUrl":"http:\/\/radzynskirocznik.pl\/wp-content\/uploads\/2018\/04\/16_1.jpg","datePublished":"2018-04-13T09:28:06+00:00","dateModified":"2020-03-21T16:02:22+00:00","breadcrumb":{"@id":"https:\/\/radzynskirocznik.pl\/?page_id=633#breadcrumb"},"inLanguage":"pl-PL","potentialAction":[{"@type":"ReadAction","target":["https:\/\/radzynskirocznik.pl\/?page_id=633"]}]},{"@type":"ImageObject","inLanguage":"pl-PL","@id":"https:\/\/radzynskirocznik.pl\/?page_id=633#primaryimage","url":"https:\/\/radzynskirocznik.pl\/wp-content\/uploads\/2018\/04\/16_1.jpg","contentUrl":"https:\/\/radzynskirocznik.pl\/wp-content\/uploads\/2018\/04\/16_1.jpg","width":232,"height":229},{"@type":"BreadcrumbList","@id":"https:\/\/radzynskirocznik.pl\/?page_id=633#breadcrumb","itemListElement":[{"@type":"ListItem","position":1,"name":"Strona g\u0142\u00f3wna","item":"https:\/\/radzynskirocznik.pl\/?lang=en"},{"@type":"ListItem","position":2,"name":"TOM 16, 1\/2018"}]},{"@type":"WebSite","@id":"https:\/\/radzynskirocznik.pl\/#website","url":"https:\/\/radzynskirocznik.pl\/","name":"Radzy\u0144ski Rocznik Humanistyczny","description":"","publisher":{"@id":"https:\/\/radzynskirocznik.pl\/#organization"},"potentialAction":[{"@type":"SearchAction","target":{"@type":"EntryPoint","urlTemplate":"https:\/\/radzynskirocznik.pl\/?s={search_term_string}"},"query-input":{"@type":"PropertyValueSpecification","valueRequired":true,"valueName":"search_term_string"}}],"inLanguage":"pl-PL"},{"@type":"Organization","@id":"https:\/\/radzynskirocznik.pl\/#organization","name":"Instytut Bronis\u0142awa Szlubowskiego","url":"https:\/\/radzynskirocznik.pl\/","logo":{"@type":"ImageObject","inLanguage":"pl-PL","@id":"https:\/\/radzynskirocznik.pl\/#\/schema\/logo\/image\/","url":"http:\/\/radzynskirocznik.pl\/wp-content\/uploads\/2020\/12\/logo-pion.jpg","contentUrl":"http:\/\/radzynskirocznik.pl\/wp-content\/uploads\/2020\/12\/logo-pion.jpg","width":1393,"height":727,"caption":"Instytut Bronis\u0142awa Szlubowskiego"},"image":{"@id":"https:\/\/radzynskirocznik.pl\/#\/schema\/logo\/image\/"},"sameAs":["https:\/\/www.facebook.com\/inbrosz"]}]}},"_links":{"self":[{"href":"https:\/\/radzynskirocznik.pl\/index.php?rest_route=\/wp\/v2\/pages\/633","targetHints":{"allow":["GET"]}}],"collection":[{"href":"https:\/\/radzynskirocznik.pl\/index.php?rest_route=\/wp\/v2\/pages"}],"about":[{"href":"https:\/\/radzynskirocznik.pl\/index.php?rest_route=\/wp\/v2\/types\/page"}],"author":[{"embeddable":true,"href":"https:\/\/radzynskirocznik.pl\/index.php?rest_route=\/wp\/v2\/users\/3"}],"replies":[{"embeddable":true,"href":"https:\/\/radzynskirocznik.pl\/index.php?rest_route=%2Fwp%2Fv2%2Fcomments&post=633"}],"version-history":[{"count":19,"href":"https:\/\/radzynskirocznik.pl\/index.php?rest_route=\/wp\/v2\/pages\/633\/revisions"}],"predecessor-version":[{"id":655,"href":"https:\/\/radzynskirocznik.pl\/index.php?rest_route=\/wp\/v2\/pages\/633\/revisions\/655"}],"wp:attachment":[{"href":"https:\/\/radzynskirocznik.pl\/index.php?rest_route=%2Fwp%2Fv2%2Fmedia&parent=633"}],"curies":[{"name":"wp","href":"https:\/\/api.w.org\/{rel}","templated":true}]}}