{"id":6,"date":"2017-02-08T10:59:58","date_gmt":"2017-02-08T10:59:58","guid":{"rendered":"http:\/\/radzynskirocznik.pl\/?page_id=6"},"modified":"2026-05-01T09:41:00","modified_gmt":"2026-05-01T07:41:00","slug":"informacje","status":"publish","type":"page","link":"https:\/\/radzynskirocznik.pl\/?page_id=6","title":{"rendered":"O czasopi\u015bnie"},"content":{"rendered":"<p><img loading=\"lazy\" decoding=\"async\" class=\" wp-image-86 alignleft\" src=\"http:\/\/radzynskirocznik.pl\/wp-content\/uploads\/2017\/02\/rrh_06-208x300.jpg\" alt=\"\" width=\"304\" height=\"438\" srcset=\"https:\/\/radzynskirocznik.pl\/wp-content\/uploads\/2017\/02\/rrh_06-208x300.jpg 208w, https:\/\/radzynskirocznik.pl\/wp-content\/uploads\/2017\/02\/rrh_06-768x1105.jpg 768w, https:\/\/radzynskirocznik.pl\/wp-content\/uploads\/2017\/02\/rrh_06-711x1024.jpg 711w\" sizes=\"auto, (max-width: 304px) 100vw, 304px\" \/><\/p>\n<p><strong>Radzy\u0144ski Rocznik Humanistyczny<\/strong>\u00a0(zalecany skr\u00f3t przy opisach bibliograficznych: RRH) to czasopismo naukowe, kt\u00f3re publikuje efekty bada\u0144 z dziedziny nauk humanistycznych w dyscyplinach:<\/p>\n<ul>\n<li>historia,<\/li>\n<li>archeologia<\/li>\n<li>literaturoznawstwo<\/li>\n<li>nauki o sztuce<\/li>\n<\/ul>\n<p>Swoim zainteresowaniem obejmuje g\u0142\u00f3wnie miasto Radzy\u0144 Podlaski i ziemi\u0119 radzy\u0144sk\u0105, nie stroni jednak tak\u017ce od podejmowania tematyki regionalnej, makroregionalnej oraz og\u00f3lnej. Poza recenzowanymi materia\u0142ami naukowymi zamieszcza wspomnienia o przesz\u0142o\u015bci miasta oraz artyku\u0142y upami\u0119tniaj\u0105ce jego dzie\u0144 dzisiejszy. Pierwszy tom pisma ukaza\u0142 si\u0119 w 2001 roku.<\/p>\n<p><strong>Pismo jest indeksowane w bazach<\/strong>:<\/p>\n<ul>\n<li><a href=\"https:\/\/bibliotekanauki.pl\/journals\/784\/issues\">Biblioteka Nauki<\/a><\/li>\n<li><a href=\"http:\/\/cejsh.icm.edu.pl\/cejsh\/element\/bwmeta1.element.cejsh-e7f9b212-f31c-4790-9bea-52d8d296a5d4\">The Central European Journal of Social Sciences and Humanities (CEJSH)<\/a><\/li>\n<li><a href=\"https:\/\/kanalregister.hkdir.no\/publiseringskanaler\/erihplus\/periodical\/info.action?id=490756\">European Reference Index for the Humanities and Social Sciences (ERIH PLUS)<\/a><\/li>\n<li><a href=\"http:\/\/bazhum.pl\/bib\/journal\/599\/\">BazHum<\/a><\/li>\n<li><a href=\"http:\/\/journals.indexcopernicus.com\/search\/details?jmlId=8&amp;org=Radzynski%20Rocznik%20Humanistyczny,p8,3.html\">Index Copernicus International<\/a><\/li>\n<li><a href=\"https:\/\/doaj.org\/toc\/1643-4374?source=%7B%22query%22%3A%7B%22filtered%22%3A%7B%22filter%22%3A%7B%22bool%22%3A%7B%22must%22%3A%5B%7B%22terms%22%3A%7B%22index.issn.exact%22%3A%5B%221643-4374%22%5D%7D%7D%2C%7B%22term%22%3A%7B%22_type%22%3A%22article%22%7D%7D%5D%7D%7D%2C%22query%22%3A%7B%22match_all%22%3A%7B%7D%7D%7D%7D%2C%22size%22%3A100%2C%22_source%22%3A%7B%7D%7D\">Directory of Open Access Journals (DOAJ)<\/a><\/li>\n<li><a href=\"https:\/\/mostwiedzy.pl\/pl\/magazine\/radzynski-rocznik-humanistyczny,11487-1\">Most Wiedzy<\/a><\/li>\n<\/ul>\n<ul>\n<li style=\"text-align: right;\"><strong>Punkty ministerialne:\u00a0 \u00a0 \u00a0 \u00a0 \u00a0 \u00a0 \u00a0 \u00a0 \u00a0 \u00a0 \u00a0 \u00a0 \u00a0 \u00a0 \u00a0\u00a0<\/strong><\/li>\n<li style=\"text-align: right;\"><strong>2024: 20<\/strong><\/li>\n<li style=\"text-align: right;\"><strong>2023:<\/strong> <strong>40<\/strong><\/li>\n<li style=\"text-align: right;\"><strong>2019-2022: 20<\/strong><\/li>\n<li style=\"text-align: right;\"><strong>2016-2018:\u00a0 \u00a07<\/strong><\/li>\n<li style=\"text-align: right;\"><strong>2015:\u00a0 \u00a07<\/strong><\/li>\n<li style=\"text-align: right;\"><strong>2013:\u00a0 \u00a03<\/strong><\/li>\n<li style=\"text-align: right;\"><strong>2011:\u00a0 \u00a02<\/strong><\/li>\n<li style=\"text-align: right;\"><strong>ISSN 1643-4374<\/strong><\/li>\n<li style=\"text-align: right;\"><strong>Pierwotn\u0105 wersj\u0105 pisma jest wersja drukowana<\/strong><\/li>\n<\/ul>\n","protected":false},"excerpt":{"rendered":"<p>Radzy\u0144ski Rocznik Humanistyczny\u00a0(zalecany skr\u00f3t przy opisach bibliograficznych: RRH) to czasopismo naukowe, kt\u00f3re publikuje efekty bada\u0144 z dziedziny nauk humanistycznych w dyscyplinach: historia, archeologia literaturoznawstwo nauki o sztuce Swoim zainteresowaniem obejmuje g\u0142\u00f3wnie miasto Radzy\u0144 Podlaski i ziemi\u0119 radzy\u0144sk\u0105, nie stroni jednak tak\u017ce od podejmowania tematyki regionalnej, makroregionalnej oraz og\u00f3lnej. Poza recenzowanymi materia\u0142ami naukowymi zamieszcza wspomnienia o [&hellip;]<\/p>\n","protected":false},"author":1,"featured_media":0,"parent":0,"menu_order":0,"comment_status":"closed","ping_status":"closed","template":"","meta":{"footnotes":""},"class_list":["post-6","page","type-page","status-publish","hentry"],"yoast_head":"<!-- This site is optimized with the Yoast SEO plugin v26.6 - https:\/\/yoast.com\/wordpress\/plugins\/seo\/ -->\n<title>O czasopi\u015bnie - Radzy\u0144ski Rocznik Humanistyczny<\/title>\n<meta name=\"robots\" content=\"index, follow, max-snippet:-1, max-image-preview:large, max-video-preview:-1\" \/>\n<link rel=\"canonical\" href=\"https:\/\/radzynskirocznik.pl\/?page_id=6\" \/>\n<meta property=\"og:locale\" content=\"pl_PL\" \/>\n<meta property=\"og:type\" content=\"article\" \/>\n<meta property=\"og:title\" content=\"O czasopi\u015bnie - Radzy\u0144ski Rocznik Humanistyczny\" \/>\n<meta property=\"og:description\" content=\"Radzy\u0144ski Rocznik Humanistyczny\u00a0(zalecany skr\u00f3t przy opisach bibliograficznych: RRH) to czasopismo naukowe, kt\u00f3re publikuje efekty bada\u0144 z dziedziny nauk humanistycznych w dyscyplinach: historia, archeologia literaturoznawstwo nauki o sztuce Swoim zainteresowaniem obejmuje g\u0142\u00f3wnie miasto Radzy\u0144 Podlaski i ziemi\u0119 radzy\u0144sk\u0105, nie stroni jednak tak\u017ce od podejmowania tematyki regionalnej, makroregionalnej oraz og\u00f3lnej. Poza recenzowanymi materia\u0142ami naukowymi zamieszcza wspomnienia o [&hellip;]\" \/>\n<meta property=\"og:url\" content=\"https:\/\/radzynskirocznik.pl\/?page_id=6\" \/>\n<meta property=\"og:site_name\" content=\"Radzy\u0144ski Rocznik Humanistyczny\" \/>\n<meta property=\"article:publisher\" content=\"https:\/\/www.facebook.com\/inbrosz\" \/>\n<meta property=\"article:modified_time\" content=\"2026-05-01T07:41:00+00:00\" \/>\n<meta property=\"og:image\" content=\"https:\/\/radzynskirocznik.pl\/wp-content\/uploads\/2017\/02\/rrh_06-711x1024.jpg\" \/>\n\t<meta property=\"og:image:width\" content=\"711\" \/>\n\t<meta property=\"og:image:height\" content=\"1024\" \/>\n\t<meta property=\"og:image:type\" content=\"image\/jpeg\" \/>\n<meta name=\"twitter:card\" content=\"summary_large_image\" \/>\n<meta name=\"twitter:label1\" content=\"Szacowany czas czytania\" \/>\n\t<meta name=\"twitter:data1\" content=\"2 minuty\" \/>\n<script type=\"application\/ld+json\" class=\"yoast-schema-graph\">{\"@context\":\"https:\/\/schema.org\",\"@graph\":[{\"@type\":\"WebPage\",\"@id\":\"https:\/\/radzynskirocznik.pl\/?page_id=6\",\"url\":\"https:\/\/radzynskirocznik.pl\/?page_id=6\",\"name\":\"O czasopi\u015bnie - Radzy\u0144ski Rocznik Humanistyczny\",\"isPartOf\":{\"@id\":\"https:\/\/radzynskirocznik.pl\/#website\"},\"primaryImageOfPage\":{\"@id\":\"https:\/\/radzynskirocznik.pl\/?page_id=6#primaryimage\"},\"image\":{\"@id\":\"https:\/\/radzynskirocznik.pl\/?page_id=6#primaryimage\"},\"thumbnailUrl\":\"http:\/\/radzynskirocznik.pl\/wp-content\/uploads\/2017\/02\/rrh_06-208x300.jpg\",\"datePublished\":\"2017-02-08T10:59:58+00:00\",\"dateModified\":\"2026-05-01T07:41:00+00:00\",\"breadcrumb\":{\"@id\":\"https:\/\/radzynskirocznik.pl\/?page_id=6#breadcrumb\"},\"inLanguage\":\"pl-PL\",\"potentialAction\":[{\"@type\":\"ReadAction\",\"target\":[\"https:\/\/radzynskirocznik.pl\/?page_id=6\"]}]},{\"@type\":\"ImageObject\",\"inLanguage\":\"pl-PL\",\"@id\":\"https:\/\/radzynskirocznik.pl\/?page_id=6#primaryimage\",\"url\":\"https:\/\/radzynskirocznik.pl\/wp-content\/uploads\/2017\/02\/rrh_06.jpg\",\"contentUrl\":\"https:\/\/radzynskirocznik.pl\/wp-content\/uploads\/2017\/02\/rrh_06.jpg\",\"width\":2187,\"height\":3148},{\"@type\":\"BreadcrumbList\",\"@id\":\"https:\/\/radzynskirocznik.pl\/?page_id=6#breadcrumb\",\"itemListElement\":[{\"@type\":\"ListItem\",\"position\":1,\"name\":\"Strona g\u0142\u00f3wna\",\"item\":\"https:\/\/radzynskirocznik.pl\/?lang=en\"},{\"@type\":\"ListItem\",\"position\":2,\"name\":\"O czasopi\u015bnie\"}]},{\"@type\":\"WebSite\",\"@id\":\"https:\/\/radzynskirocznik.pl\/#website\",\"url\":\"https:\/\/radzynskirocznik.pl\/\",\"name\":\"Radzy\u0144ski Rocznik Humanistyczny\",\"description\":\"\",\"publisher\":{\"@id\":\"https:\/\/radzynskirocznik.pl\/#organization\"},\"potentialAction\":[{\"@type\":\"SearchAction\",\"target\":{\"@type\":\"EntryPoint\",\"urlTemplate\":\"https:\/\/radzynskirocznik.pl\/?s={search_term_string}\"},\"query-input\":{\"@type\":\"PropertyValueSpecification\",\"valueRequired\":true,\"valueName\":\"search_term_string\"}}],\"inLanguage\":\"pl-PL\"},{\"@type\":\"Organization\",\"@id\":\"https:\/\/radzynskirocznik.pl\/#organization\",\"name\":\"Instytut Bronis\u0142awa Szlubowskiego\",\"url\":\"https:\/\/radzynskirocznik.pl\/\",\"logo\":{\"@type\":\"ImageObject\",\"inLanguage\":\"pl-PL\",\"@id\":\"https:\/\/radzynskirocznik.pl\/#\/schema\/logo\/image\/\",\"url\":\"http:\/\/radzynskirocznik.pl\/wp-content\/uploads\/2020\/12\/logo-pion.jpg\",\"contentUrl\":\"http:\/\/radzynskirocznik.pl\/wp-content\/uploads\/2020\/12\/logo-pion.jpg\",\"width\":1393,\"height\":727,\"caption\":\"Instytut Bronis\u0142awa Szlubowskiego\"},\"image\":{\"@id\":\"https:\/\/radzynskirocznik.pl\/#\/schema\/logo\/image\/\"},\"sameAs\":[\"https:\/\/www.facebook.com\/inbrosz\"]}]}<\/script>\n<!-- \/ Yoast SEO plugin. -->","yoast_head_json":{"title":"O czasopi\u015bnie - Radzy\u0144ski Rocznik Humanistyczny","robots":{"index":"index","follow":"follow","max-snippet":"max-snippet:-1","max-image-preview":"max-image-preview:large","max-video-preview":"max-video-preview:-1"},"canonical":"https:\/\/radzynskirocznik.pl\/?page_id=6","og_locale":"pl_PL","og_type":"article","og_title":"O czasopi\u015bnie - Radzy\u0144ski Rocznik Humanistyczny","og_description":"Radzy\u0144ski Rocznik Humanistyczny\u00a0(zalecany skr\u00f3t przy opisach bibliograficznych: RRH) to czasopismo naukowe, kt\u00f3re publikuje efekty bada\u0144 z dziedziny nauk humanistycznych w dyscyplinach: historia, archeologia literaturoznawstwo nauki o sztuce Swoim zainteresowaniem obejmuje g\u0142\u00f3wnie miasto Radzy\u0144 Podlaski i ziemi\u0119 radzy\u0144sk\u0105, nie stroni jednak tak\u017ce od podejmowania tematyki regionalnej, makroregionalnej oraz og\u00f3lnej. Poza recenzowanymi materia\u0142ami naukowymi zamieszcza wspomnienia o [&hellip;]","og_url":"https:\/\/radzynskirocznik.pl\/?page_id=6","og_site_name":"Radzy\u0144ski Rocznik Humanistyczny","article_publisher":"https:\/\/www.facebook.com\/inbrosz","article_modified_time":"2026-05-01T07:41:00+00:00","og_image":[{"width":711,"height":1024,"url":"https:\/\/radzynskirocznik.pl\/wp-content\/uploads\/2017\/02\/rrh_06-711x1024.jpg","type":"image\/jpeg"}],"twitter_card":"summary_large_image","twitter_misc":{"Szacowany czas czytania":"2 minuty"},"schema":{"@context":"https:\/\/schema.org","@graph":[{"@type":"WebPage","@id":"https:\/\/radzynskirocznik.pl\/?page_id=6","url":"https:\/\/radzynskirocznik.pl\/?page_id=6","name":"O czasopi\u015bnie - Radzy\u0144ski Rocznik Humanistyczny","isPartOf":{"@id":"https:\/\/radzynskirocznik.pl\/#website"},"primaryImageOfPage":{"@id":"https:\/\/radzynskirocznik.pl\/?page_id=6#primaryimage"},"image":{"@id":"https:\/\/radzynskirocznik.pl\/?page_id=6#primaryimage"},"thumbnailUrl":"http:\/\/radzynskirocznik.pl\/wp-content\/uploads\/2017\/02\/rrh_06-208x300.jpg","datePublished":"2017-02-08T10:59:58+00:00","dateModified":"2026-05-01T07:41:00+00:00","breadcrumb":{"@id":"https:\/\/radzynskirocznik.pl\/?page_id=6#breadcrumb"},"inLanguage":"pl-PL","potentialAction":[{"@type":"ReadAction","target":["https:\/\/radzynskirocznik.pl\/?page_id=6"]}]},{"@type":"ImageObject","inLanguage":"pl-PL","@id":"https:\/\/radzynskirocznik.pl\/?page_id=6#primaryimage","url":"https:\/\/radzynskirocznik.pl\/wp-content\/uploads\/2017\/02\/rrh_06.jpg","contentUrl":"https:\/\/radzynskirocznik.pl\/wp-content\/uploads\/2017\/02\/rrh_06.jpg","width":2187,"height":3148},{"@type":"BreadcrumbList","@id":"https:\/\/radzynskirocznik.pl\/?page_id=6#breadcrumb","itemListElement":[{"@type":"ListItem","position":1,"name":"Strona g\u0142\u00f3wna","item":"https:\/\/radzynskirocznik.pl\/?lang=en"},{"@type":"ListItem","position":2,"name":"O czasopi\u015bnie"}]},{"@type":"WebSite","@id":"https:\/\/radzynskirocznik.pl\/#website","url":"https:\/\/radzynskirocznik.pl\/","name":"Radzy\u0144ski Rocznik Humanistyczny","description":"","publisher":{"@id":"https:\/\/radzynskirocznik.pl\/#organization"},"potentialAction":[{"@type":"SearchAction","target":{"@type":"EntryPoint","urlTemplate":"https:\/\/radzynskirocznik.pl\/?s={search_term_string}"},"query-input":{"@type":"PropertyValueSpecification","valueRequired":true,"valueName":"search_term_string"}}],"inLanguage":"pl-PL"},{"@type":"Organization","@id":"https:\/\/radzynskirocznik.pl\/#organization","name":"Instytut Bronis\u0142awa Szlubowskiego","url":"https:\/\/radzynskirocznik.pl\/","logo":{"@type":"ImageObject","inLanguage":"pl-PL","@id":"https:\/\/radzynskirocznik.pl\/#\/schema\/logo\/image\/","url":"http:\/\/radzynskirocznik.pl\/wp-content\/uploads\/2020\/12\/logo-pion.jpg","contentUrl":"http:\/\/radzynskirocznik.pl\/wp-content\/uploads\/2020\/12\/logo-pion.jpg","width":1393,"height":727,"caption":"Instytut Bronis\u0142awa Szlubowskiego"},"image":{"@id":"https:\/\/radzynskirocznik.pl\/#\/schema\/logo\/image\/"},"sameAs":["https:\/\/www.facebook.com\/inbrosz"]}]}},"_links":{"self":[{"href":"https:\/\/radzynskirocznik.pl\/index.php?rest_route=\/wp\/v2\/pages\/6","targetHints":{"allow":["GET"]}}],"collection":[{"href":"https:\/\/radzynskirocznik.pl\/index.php?rest_route=\/wp\/v2\/pages"}],"about":[{"href":"https:\/\/radzynskirocznik.pl\/index.php?rest_route=\/wp\/v2\/types\/page"}],"author":[{"embeddable":true,"href":"https:\/\/radzynskirocznik.pl\/index.php?rest_route=\/wp\/v2\/users\/1"}],"replies":[{"embeddable":true,"href":"https:\/\/radzynskirocznik.pl\/index.php?rest_route=%2Fwp%2Fv2%2Fcomments&post=6"}],"version-history":[{"count":38,"href":"https:\/\/radzynskirocznik.pl\/index.php?rest_route=\/wp\/v2\/pages\/6\/revisions"}],"predecessor-version":[{"id":4278,"href":"https:\/\/radzynskirocznik.pl\/index.php?rest_route=\/wp\/v2\/pages\/6\/revisions\/4278"}],"wp:attachment":[{"href":"https:\/\/radzynskirocznik.pl\/index.php?rest_route=%2Fwp%2Fv2%2Fmedia&parent=6"}],"curies":[{"name":"wp","href":"https:\/\/api.w.org\/{rel}","templated":true}]}}