{"id":596,"date":"2018-04-07T12:31:56","date_gmt":"2018-04-07T12:31:56","guid":{"rendered":"http:\/\/radzynskirocznik.pl\/?page_id=596"},"modified":"2020-03-22T12:26:15","modified_gmt":"2020-03-22T12:26:15","slug":"tom-11-2013","status":"publish","type":"page","link":"https:\/\/radzynskirocznik.pl\/?page_id=596","title":{"rendered":"TOM 11, 2013"},"content":{"rendered":"<p style=\"text-align: center;\"><strong><br \/>\n<img loading=\"lazy\" decoding=\"async\" class=\"size-medium wp-image-138 alignright\" src=\"http:\/\/radzynskirocznik.pl\/wp-content\/uploads\/2017\/02\/RRH-11-211x300.jpg\" alt=\"\" width=\"211\" height=\"300\" srcset=\"https:\/\/radzynskirocznik.pl\/wp-content\/uploads\/2017\/02\/RRH-11-211x300.jpg 211w, https:\/\/radzynskirocznik.pl\/wp-content\/uploads\/2017\/02\/RRH-11.jpg 528w\" sizes=\"auto, (max-width: 211px) 100vw, 211px\" \/><\/strong><\/p>\n<p style=\"text-align: left;\"><a href=\"http:\/\/radzynskirocznik.pl\/?sdm_downloads=reaktywacja-parafii-ruskiej-w-zernikach-w-drugiej-polowie-xvii-wieku\">JANUSZ FRYKOWSKI, Reaktywacja parafii ruskiej w \u017bernikach w drugiej po\u0142owie XVII wieku<\/a><\/p>\n<p style=\"text-align: left;\"><a href=\"http:\/\/radzynskirocznik.pl\/?sdm_downloads=organizacje-spoleczne-i-prasa-w-akcji-promocji-legendy-jozefa-pilsudskiego-w-powiecie-radzynskim-w-okresie-ii-rzeczypospolitej\">SZCZEPAN KALINOWSKI, Organizacje spo\u0142eczne i prasa w akcji promocji legendy J\u00f3zefa Pi\u0142sudskiego w powiecie radzy\u0144skim w okresie II Rzeczypospolitej<\/a><\/p>\n<p style=\"text-align: left;\"><a href=\"http:\/\/radzynskirocznik.pl\/?sdm_downloads=obchody-swiat-oraz-uroczystosci-pulkowych-i-panstwowych-w-garnizonie-siedlce-1918-1939\">PAWE\u0141 BOREK, Obchody \u015bwi\u0105t oraz uroczysto\u015bci pu\u0142kowych i pa\u0144stwowych w garnizonie Siedlce 1918-1939<\/a><\/p>\n<p style=\"text-align: left;\"><a href=\"http:\/\/radzynskirocznik.pl\/?sdm_downloads=wspomnienia-henryki-tajchert-z-wlodawy-wiezniarki-zamku-lubelskiego-ravensbrueck-i-bergen-belsen\">PIOTR A. CZY\u017b, \u00a0Wspomnienia Henryki Tajchert z W\u0142odawy &#8211; wi\u0119\u017aniarki Zamku Lubelskiego, Ravensbrueck i Bergen-Belsen<\/a><\/p>\n<p style=\"text-align: left;\"><a href=\"http:\/\/radzynskirocznik.pl\/?sdm_downloads=kadra-kierownicza-komendy-powiatowej-milicji-obywatelskiej-w-bialej-podlaskiej-w-pierwszym-roku-jej-funkcjonowania-sierpien-1944-sierpien-1945\">JACEK ROMANEK, Kadra kierownicza Komendy Powiatowej Milicji Obywatelskiej w Bia\u0142ej Podlaskiej w pierwszym roku jej funkcjonowania (sierpie\u0144 1944 &#8211; sierpie\u0144 1945)<\/a><\/p>\n<p style=\"text-align: left;\"><a href=\"http:\/\/radzynskirocznik.pl\/?sdm_downloads=dzialalnosc-zbrojna-zolnierzy-wykletych-przeciwko-wladzy-komunistycznej-na-terenie-gminy-zbuczyn-w-latach-1944-1956\">WIES\u0141AW CHARCZUK, Dzia\u0142alno\u015b\u0107 zbrojna &#8222;\u017co\u0142nierzy wykl\u0119tych&#8221; przeciwko w\u0142adzy komunistycznej na terenie gminy Zbuczyn w latach 1944-1956<\/a><\/p>\n<p style=\"text-align: left;\"><a href=\"http:\/\/radzynskirocznik.pl\/?sdm_downloads=wrog-publiczny-wrogiem-spoleczenstwa-czy-panstwa-jozefa-koryckiego-wojna-z-prl-em\">ERNEST SZUM, Wr\u00f3g publiczny &#8211; wrogiem spo\u0142ecze\u0144stwa czy pa\u0144stwa? J\u00f3zefa Koryckiego wojna z PRL-em<\/a><\/p>\n<p style=\"text-align: left;\"><a href=\"http:\/\/radzynskirocznik.pl\/?sdm_downloads=okres-pazdziernika-56-w-relacji-stefana-jedrychowskiego-zlozonej-w-roku-1983\">MARCIN \u017bUKOWSKI, Okres Pa\u017adziernika &#8217;56 w relacji Stefana J\u0119drychowskiego z\u0142o\u017conej w roku 1983<\/a><\/p>\n<p style=\"text-align: left;\"><a href=\"http:\/\/radzynskirocznik.pl\/?sdm_downloads=informacja-wojewodzkiego-konserwatora-zabytkow-z-31-grudnia-1983-roku-o-stanie-zabytkow-sakralnych-i-pracach-konserwatorskich-prowadzonych-na-terenie-wojewodztwa-bialskopodlaskiego\">WITOLD BOBRYK, Informacja Wojew\u00f3dzkiego Konserwatora Zabytk\u00f3w z 31 grudnia 1983 roku o stanie zabytk\u00f3w sakralnych i pracach konserwatorskich prowadzonych na terenie wojew\u00f3dztwa bialskopodlaskiego<\/a><\/p>\n<p style=\"text-align: left;\"><a href=\"http:\/\/radzynskirocznik.pl\/?sdm_downloads=przemiany-demograficzne-w-wojewodztwie-bialskopodlaskim-w-latach-1975-1998\">PAWE\u0141 TARKOWSKI, Przemiany demograficzne w wojew\u00f3dztwie bialskopodlaskim w latach 1975-1998<\/a><\/p>\n","protected":false},"excerpt":{"rendered":"<p>JANUSZ FRYKOWSKI, Reaktywacja parafii ruskiej w \u017bernikach w drugiej po\u0142owie XVII wieku SZCZEPAN KALINOWSKI, Organizacje spo\u0142eczne i prasa w akcji promocji legendy J\u00f3zefa Pi\u0142sudskiego w powiecie radzy\u0144skim w okresie II Rzeczypospolitej PAWE\u0141 BOREK, Obchody \u015bwi\u0105t oraz uroczysto\u015bci pu\u0142kowych i pa\u0144stwowych w garnizonie Siedlce 1918-1939 PIOTR A. CZY\u017b, \u00a0Wspomnienia Henryki Tajchert z W\u0142odawy &#8211; wi\u0119\u017aniarki Zamku [&hellip;]<\/p>\n","protected":false},"author":3,"featured_media":0,"parent":0,"menu_order":0,"comment_status":"closed","ping_status":"closed","template":"","meta":{"footnotes":""},"class_list":["post-596","page","type-page","status-publish","hentry"],"yoast_head":"<!-- This site is optimized with the Yoast SEO plugin v26.6 - https:\/\/yoast.com\/wordpress\/plugins\/seo\/ -->\n<title>TOM 11, 2013 - Radzy\u0144ski Rocznik Humanistyczny<\/title>\n<meta name=\"robots\" content=\"index, follow, max-snippet:-1, max-image-preview:large, max-video-preview:-1\" \/>\n<link rel=\"canonical\" href=\"https:\/\/radzynskirocznik.pl\/?page_id=596\" \/>\n<meta property=\"og:locale\" content=\"pl_PL\" \/>\n<meta property=\"og:type\" content=\"article\" \/>\n<meta property=\"og:title\" content=\"TOM 11, 2013 - Radzy\u0144ski Rocznik Humanistyczny\" \/>\n<meta property=\"og:description\" content=\"JANUSZ FRYKOWSKI, Reaktywacja parafii ruskiej w \u017bernikach w drugiej po\u0142owie XVII wieku SZCZEPAN KALINOWSKI, Organizacje spo\u0142eczne i prasa w akcji promocji legendy J\u00f3zefa Pi\u0142sudskiego w powiecie radzy\u0144skim w okresie II Rzeczypospolitej PAWE\u0141 BOREK, Obchody \u015bwi\u0105t oraz uroczysto\u015bci pu\u0142kowych i pa\u0144stwowych w garnizonie Siedlce 1918-1939 PIOTR A. CZY\u017b, \u00a0Wspomnienia Henryki Tajchert z W\u0142odawy &#8211; wi\u0119\u017aniarki Zamku [&hellip;]\" \/>\n<meta property=\"og:url\" content=\"https:\/\/radzynskirocznik.pl\/?page_id=596\" \/>\n<meta property=\"og:site_name\" content=\"Radzy\u0144ski Rocznik Humanistyczny\" \/>\n<meta property=\"article:publisher\" content=\"https:\/\/www.facebook.com\/inbrosz\" \/>\n<meta property=\"article:modified_time\" content=\"2020-03-22T12:26:15+00:00\" \/>\n<meta property=\"og:image\" content=\"http:\/\/radzynskirocznik.pl\/wp-content\/uploads\/2017\/02\/RRH-11-211x300.jpg\" \/>\n<meta name=\"twitter:card\" content=\"summary_large_image\" \/>\n<meta name=\"twitter:label1\" content=\"Szacowany czas czytania\" \/>\n\t<meta name=\"twitter:data1\" content=\"1 minuta\" \/>\n<script type=\"application\/ld+json\" class=\"yoast-schema-graph\">{\"@context\":\"https:\/\/schema.org\",\"@graph\":[{\"@type\":\"WebPage\",\"@id\":\"https:\/\/radzynskirocznik.pl\/?page_id=596\",\"url\":\"https:\/\/radzynskirocznik.pl\/?page_id=596\",\"name\":\"TOM 11, 2013 - Radzy\u0144ski Rocznik Humanistyczny\",\"isPartOf\":{\"@id\":\"https:\/\/radzynskirocznik.pl\/#website\"},\"primaryImageOfPage\":{\"@id\":\"https:\/\/radzynskirocznik.pl\/?page_id=596#primaryimage\"},\"image\":{\"@id\":\"https:\/\/radzynskirocznik.pl\/?page_id=596#primaryimage\"},\"thumbnailUrl\":\"http:\/\/radzynskirocznik.pl\/wp-content\/uploads\/2017\/02\/RRH-11-211x300.jpg\",\"datePublished\":\"2018-04-07T12:31:56+00:00\",\"dateModified\":\"2020-03-22T12:26:15+00:00\",\"breadcrumb\":{\"@id\":\"https:\/\/radzynskirocznik.pl\/?page_id=596#breadcrumb\"},\"inLanguage\":\"pl-PL\",\"potentialAction\":[{\"@type\":\"ReadAction\",\"target\":[\"https:\/\/radzynskirocznik.pl\/?page_id=596\"]}]},{\"@type\":\"ImageObject\",\"inLanguage\":\"pl-PL\",\"@id\":\"https:\/\/radzynskirocznik.pl\/?page_id=596#primaryimage\",\"url\":\"https:\/\/radzynskirocznik.pl\/wp-content\/uploads\/2017\/02\/RRH-11.jpg\",\"contentUrl\":\"https:\/\/radzynskirocznik.pl\/wp-content\/uploads\/2017\/02\/RRH-11.jpg\",\"width\":528,\"height\":752},{\"@type\":\"BreadcrumbList\",\"@id\":\"https:\/\/radzynskirocznik.pl\/?page_id=596#breadcrumb\",\"itemListElement\":[{\"@type\":\"ListItem\",\"position\":1,\"name\":\"Strona g\u0142\u00f3wna\",\"item\":\"https:\/\/radzynskirocznik.pl\/?lang=en\"},{\"@type\":\"ListItem\",\"position\":2,\"name\":\"TOM 11, 2013\"}]},{\"@type\":\"WebSite\",\"@id\":\"https:\/\/radzynskirocznik.pl\/#website\",\"url\":\"https:\/\/radzynskirocznik.pl\/\",\"name\":\"Radzy\u0144ski Rocznik Humanistyczny\",\"description\":\"\",\"publisher\":{\"@id\":\"https:\/\/radzynskirocznik.pl\/#organization\"},\"potentialAction\":[{\"@type\":\"SearchAction\",\"target\":{\"@type\":\"EntryPoint\",\"urlTemplate\":\"https:\/\/radzynskirocznik.pl\/?s={search_term_string}\"},\"query-input\":{\"@type\":\"PropertyValueSpecification\",\"valueRequired\":true,\"valueName\":\"search_term_string\"}}],\"inLanguage\":\"pl-PL\"},{\"@type\":\"Organization\",\"@id\":\"https:\/\/radzynskirocznik.pl\/#organization\",\"name\":\"Instytut Bronis\u0142awa Szlubowskiego\",\"url\":\"https:\/\/radzynskirocznik.pl\/\",\"logo\":{\"@type\":\"ImageObject\",\"inLanguage\":\"pl-PL\",\"@id\":\"https:\/\/radzynskirocznik.pl\/#\/schema\/logo\/image\/\",\"url\":\"http:\/\/radzynskirocznik.pl\/wp-content\/uploads\/2020\/12\/logo-pion.jpg\",\"contentUrl\":\"http:\/\/radzynskirocznik.pl\/wp-content\/uploads\/2020\/12\/logo-pion.jpg\",\"width\":1393,\"height\":727,\"caption\":\"Instytut Bronis\u0142awa Szlubowskiego\"},\"image\":{\"@id\":\"https:\/\/radzynskirocznik.pl\/#\/schema\/logo\/image\/\"},\"sameAs\":[\"https:\/\/www.facebook.com\/inbrosz\"]}]}<\/script>\n<!-- \/ Yoast SEO plugin. -->","yoast_head_json":{"title":"TOM 11, 2013 - Radzy\u0144ski Rocznik Humanistyczny","robots":{"index":"index","follow":"follow","max-snippet":"max-snippet:-1","max-image-preview":"max-image-preview:large","max-video-preview":"max-video-preview:-1"},"canonical":"https:\/\/radzynskirocznik.pl\/?page_id=596","og_locale":"pl_PL","og_type":"article","og_title":"TOM 11, 2013 - Radzy\u0144ski Rocznik Humanistyczny","og_description":"JANUSZ FRYKOWSKI, Reaktywacja parafii ruskiej w \u017bernikach w drugiej po\u0142owie XVII wieku SZCZEPAN KALINOWSKI, Organizacje spo\u0142eczne i prasa w akcji promocji legendy J\u00f3zefa Pi\u0142sudskiego w powiecie radzy\u0144skim w okresie II Rzeczypospolitej PAWE\u0141 BOREK, Obchody \u015bwi\u0105t oraz uroczysto\u015bci pu\u0142kowych i pa\u0144stwowych w garnizonie Siedlce 1918-1939 PIOTR A. CZY\u017b, \u00a0Wspomnienia Henryki Tajchert z W\u0142odawy &#8211; wi\u0119\u017aniarki Zamku [&hellip;]","og_url":"https:\/\/radzynskirocznik.pl\/?page_id=596","og_site_name":"Radzy\u0144ski Rocznik Humanistyczny","article_publisher":"https:\/\/www.facebook.com\/inbrosz","article_modified_time":"2020-03-22T12:26:15+00:00","og_image":[{"url":"http:\/\/radzynskirocznik.pl\/wp-content\/uploads\/2017\/02\/RRH-11-211x300.jpg","type":"","width":"","height":""}],"twitter_card":"summary_large_image","twitter_misc":{"Szacowany czas czytania":"1 minuta"},"schema":{"@context":"https:\/\/schema.org","@graph":[{"@type":"WebPage","@id":"https:\/\/radzynskirocznik.pl\/?page_id=596","url":"https:\/\/radzynskirocznik.pl\/?page_id=596","name":"TOM 11, 2013 - Radzy\u0144ski Rocznik Humanistyczny","isPartOf":{"@id":"https:\/\/radzynskirocznik.pl\/#website"},"primaryImageOfPage":{"@id":"https:\/\/radzynskirocznik.pl\/?page_id=596#primaryimage"},"image":{"@id":"https:\/\/radzynskirocznik.pl\/?page_id=596#primaryimage"},"thumbnailUrl":"http:\/\/radzynskirocznik.pl\/wp-content\/uploads\/2017\/02\/RRH-11-211x300.jpg","datePublished":"2018-04-07T12:31:56+00:00","dateModified":"2020-03-22T12:26:15+00:00","breadcrumb":{"@id":"https:\/\/radzynskirocznik.pl\/?page_id=596#breadcrumb"},"inLanguage":"pl-PL","potentialAction":[{"@type":"ReadAction","target":["https:\/\/radzynskirocznik.pl\/?page_id=596"]}]},{"@type":"ImageObject","inLanguage":"pl-PL","@id":"https:\/\/radzynskirocznik.pl\/?page_id=596#primaryimage","url":"https:\/\/radzynskirocznik.pl\/wp-content\/uploads\/2017\/02\/RRH-11.jpg","contentUrl":"https:\/\/radzynskirocznik.pl\/wp-content\/uploads\/2017\/02\/RRH-11.jpg","width":528,"height":752},{"@type":"BreadcrumbList","@id":"https:\/\/radzynskirocznik.pl\/?page_id=596#breadcrumb","itemListElement":[{"@type":"ListItem","position":1,"name":"Strona g\u0142\u00f3wna","item":"https:\/\/radzynskirocznik.pl\/?lang=en"},{"@type":"ListItem","position":2,"name":"TOM 11, 2013"}]},{"@type":"WebSite","@id":"https:\/\/radzynskirocznik.pl\/#website","url":"https:\/\/radzynskirocznik.pl\/","name":"Radzy\u0144ski Rocznik Humanistyczny","description":"","publisher":{"@id":"https:\/\/radzynskirocznik.pl\/#organization"},"potentialAction":[{"@type":"SearchAction","target":{"@type":"EntryPoint","urlTemplate":"https:\/\/radzynskirocznik.pl\/?s={search_term_string}"},"query-input":{"@type":"PropertyValueSpecification","valueRequired":true,"valueName":"search_term_string"}}],"inLanguage":"pl-PL"},{"@type":"Organization","@id":"https:\/\/radzynskirocznik.pl\/#organization","name":"Instytut Bronis\u0142awa Szlubowskiego","url":"https:\/\/radzynskirocznik.pl\/","logo":{"@type":"ImageObject","inLanguage":"pl-PL","@id":"https:\/\/radzynskirocznik.pl\/#\/schema\/logo\/image\/","url":"http:\/\/radzynskirocznik.pl\/wp-content\/uploads\/2020\/12\/logo-pion.jpg","contentUrl":"http:\/\/radzynskirocznik.pl\/wp-content\/uploads\/2020\/12\/logo-pion.jpg","width":1393,"height":727,"caption":"Instytut Bronis\u0142awa Szlubowskiego"},"image":{"@id":"https:\/\/radzynskirocznik.pl\/#\/schema\/logo\/image\/"},"sameAs":["https:\/\/www.facebook.com\/inbrosz"]}]}},"_links":{"self":[{"href":"https:\/\/radzynskirocznik.pl\/index.php?rest_route=\/wp\/v2\/pages\/596","targetHints":{"allow":["GET"]}}],"collection":[{"href":"https:\/\/radzynskirocznik.pl\/index.php?rest_route=\/wp\/v2\/pages"}],"about":[{"href":"https:\/\/radzynskirocznik.pl\/index.php?rest_route=\/wp\/v2\/types\/page"}],"author":[{"embeddable":true,"href":"https:\/\/radzynskirocznik.pl\/index.php?rest_route=\/wp\/v2\/users\/3"}],"replies":[{"embeddable":true,"href":"https:\/\/radzynskirocznik.pl\/index.php?rest_route=%2Fwp%2Fv2%2Fcomments&post=596"}],"version-history":[{"count":12,"href":"https:\/\/radzynskirocznik.pl\/index.php?rest_route=\/wp\/v2\/pages\/596\/revisions"}],"predecessor-version":[{"id":1796,"href":"https:\/\/radzynskirocznik.pl\/index.php?rest_route=\/wp\/v2\/pages\/596\/revisions\/1796"}],"wp:attachment":[{"href":"https:\/\/radzynskirocznik.pl\/index.php?rest_route=%2Fwp%2Fv2%2Fmedia&parent=596"}],"curies":[{"name":"wp","href":"https:\/\/api.w.org\/{rel}","templated":true}]}}