{"id":553,"date":"2018-02-08T10:24:13","date_gmt":"2018-02-08T10:24:13","guid":{"rendered":"http:\/\/radzynskirocznik.pl\/?page_id=553"},"modified":"2020-07-19T09:31:18","modified_gmt":"2020-07-19T09:31:18","slug":"stan-zapelnienia","status":"publish","type":"page","link":"https:\/\/radzynskirocznik.pl\/?page_id=553","title":{"rendered":"Stan zape\u0142nienia"},"content":{"rendered":"<p><strong>Materia\u0142y naukowe (recenzowane) zakwalifikowane do tomu 18, 2020<\/strong><\/p>\n<ol>\n<li>Mateusz Pachucki: <em>Rekruci z gminy Siemie\u0144 w armii rosyjskiej podczas I wojny \u015bwiatowej.<\/em><\/li>\n<li>Marek M. Kami\u0144ski, Ernest Szum: <em>Prometeizm Janosika Podlaskiego w relacjach przyjaci\u00f3\u0142. \u0179r\u00f3d\u0142a do biografii J\u00f3zefa Koryckiego.<\/em><\/li>\n<li>Damian Sitkiewicz: <em>Dokumenty dotycz\u0105ce Zwi\u0105zku Walki Zbrojnej &#8211; Armii Krajowej Obw\u00f3d Radzy\u0144 Podlaski w zbiorach Zygmunta Ma\u0144kowskiego i Ireneusza Cabana<\/em>.<\/li>\n<li>Eugeniusz Wilkowski: <em>Struktury podziemnej &#8222;Solidarno\u015bci&#8221; rolniczej na Lubelszczy\u017anie w latach 1982-1989<\/em>.<\/li>\n<li>Dariusz Magier: <em>Stosunek milicjant\u00f3w powiatu radzy\u0144skiego do komunizmu i Zwi\u0105zku Sowieckiego na pocz\u0105tku 1946 roku<\/em>.<\/li>\n<li>Tomasz Sajecki: <em>Zwada pod Tarnowem &#8211; wielkie grodzisko z wczesnego \u015bredniowiecza<\/em>.<\/li>\n<li>Pawe\u0142 Or\u0142owski: <em>Bol\u0105czki mieszka\u0144c\u00f3w wojew\u00f3dztwa bialskopodlaskiego w pocz\u0105tkowym okresie jego istnienia (1975-1976) w \u015bwietle list\u00f3w i skarg do Komitetu Wojew\u00f3dzkiego PZPR w Bia\u0142ej Podlaskiej.<\/em><\/li>\n<\/ol>\n<p>_____________________________________________________________________________________________________<\/p>\n","protected":false},"excerpt":{"rendered":"<p>Materia\u0142y naukowe (recenzowane) zakwalifikowane do tomu 18, 2020 Mateusz Pachucki: Rekruci z gminy Siemie\u0144 w armii rosyjskiej podczas I wojny \u015bwiatowej. Marek M. Kami\u0144ski, Ernest Szum: Prometeizm Janosika Podlaskiego w relacjach przyjaci\u00f3\u0142. \u0179r\u00f3d\u0142a do biografii J\u00f3zefa Koryckiego. Damian Sitkiewicz: Dokumenty dotycz\u0105ce Zwi\u0105zku Walki Zbrojnej &#8211; Armii Krajowej Obw\u00f3d Radzy\u0144 Podlaski w zbiorach Zygmunta Ma\u0144kowskiego i [&hellip;]<\/p>\n","protected":false},"author":3,"featured_media":0,"parent":0,"menu_order":0,"comment_status":"closed","ping_status":"closed","template":"","meta":{"footnotes":""},"class_list":["post-553","page","type-page","status-publish","hentry"],"yoast_head":"<!-- This site is optimized with the Yoast SEO plugin v26.6 - https:\/\/yoast.com\/wordpress\/plugins\/seo\/ -->\n<title>Stan zape\u0142nienia - Radzy\u0144ski Rocznik Humanistyczny<\/title>\n<meta name=\"robots\" content=\"index, follow, max-snippet:-1, max-image-preview:large, max-video-preview:-1\" \/>\n<link rel=\"canonical\" href=\"https:\/\/radzynskirocznik.pl\/?page_id=553\" \/>\n<meta property=\"og:locale\" content=\"pl_PL\" \/>\n<meta property=\"og:type\" content=\"article\" \/>\n<meta property=\"og:title\" content=\"Stan zape\u0142nienia - Radzy\u0144ski Rocznik Humanistyczny\" \/>\n<meta property=\"og:description\" content=\"Materia\u0142y naukowe (recenzowane) zakwalifikowane do tomu 18, 2020 Mateusz Pachucki: Rekruci z gminy Siemie\u0144 w armii rosyjskiej podczas I wojny \u015bwiatowej. Marek M. Kami\u0144ski, Ernest Szum: Prometeizm Janosika Podlaskiego w relacjach przyjaci\u00f3\u0142. \u0179r\u00f3d\u0142a do biografii J\u00f3zefa Koryckiego. Damian Sitkiewicz: Dokumenty dotycz\u0105ce Zwi\u0105zku Walki Zbrojnej &#8211; Armii Krajowej Obw\u00f3d Radzy\u0144 Podlaski w zbiorach Zygmunta Ma\u0144kowskiego i [&hellip;]\" \/>\n<meta property=\"og:url\" content=\"https:\/\/radzynskirocznik.pl\/?page_id=553\" \/>\n<meta property=\"og:site_name\" content=\"Radzy\u0144ski Rocznik Humanistyczny\" \/>\n<meta property=\"article:publisher\" content=\"https:\/\/www.facebook.com\/inbrosz\" \/>\n<meta property=\"article:modified_time\" content=\"2020-07-19T09:31:18+00:00\" \/>\n<meta name=\"twitter:card\" content=\"summary_large_image\" \/>\n<meta name=\"twitter:label1\" content=\"Szacowany czas czytania\" \/>\n\t<meta name=\"twitter:data1\" content=\"1 minuta\" \/>\n<script type=\"application\/ld+json\" class=\"yoast-schema-graph\">{\"@context\":\"https:\/\/schema.org\",\"@graph\":[{\"@type\":\"WebPage\",\"@id\":\"https:\/\/radzynskirocznik.pl\/?page_id=553\",\"url\":\"https:\/\/radzynskirocznik.pl\/?page_id=553\",\"name\":\"Stan zape\u0142nienia - Radzy\u0144ski Rocznik Humanistyczny\",\"isPartOf\":{\"@id\":\"https:\/\/radzynskirocznik.pl\/#website\"},\"datePublished\":\"2018-02-08T10:24:13+00:00\",\"dateModified\":\"2020-07-19T09:31:18+00:00\",\"breadcrumb\":{\"@id\":\"https:\/\/radzynskirocznik.pl\/?page_id=553#breadcrumb\"},\"inLanguage\":\"pl-PL\",\"potentialAction\":[{\"@type\":\"ReadAction\",\"target\":[\"https:\/\/radzynskirocznik.pl\/?page_id=553\"]}]},{\"@type\":\"BreadcrumbList\",\"@id\":\"https:\/\/radzynskirocznik.pl\/?page_id=553#breadcrumb\",\"itemListElement\":[{\"@type\":\"ListItem\",\"position\":1,\"name\":\"Strona g\u0142\u00f3wna\",\"item\":\"https:\/\/radzynskirocznik.pl\/?lang=en\"},{\"@type\":\"ListItem\",\"position\":2,\"name\":\"Stan zape\u0142nienia\"}]},{\"@type\":\"WebSite\",\"@id\":\"https:\/\/radzynskirocznik.pl\/#website\",\"url\":\"https:\/\/radzynskirocznik.pl\/\",\"name\":\"Radzy\u0144ski Rocznik Humanistyczny\",\"description\":\"\",\"publisher\":{\"@id\":\"https:\/\/radzynskirocznik.pl\/#organization\"},\"potentialAction\":[{\"@type\":\"SearchAction\",\"target\":{\"@type\":\"EntryPoint\",\"urlTemplate\":\"https:\/\/radzynskirocznik.pl\/?s={search_term_string}\"},\"query-input\":{\"@type\":\"PropertyValueSpecification\",\"valueRequired\":true,\"valueName\":\"search_term_string\"}}],\"inLanguage\":\"pl-PL\"},{\"@type\":\"Organization\",\"@id\":\"https:\/\/radzynskirocznik.pl\/#organization\",\"name\":\"Instytut Bronis\u0142awa Szlubowskiego\",\"url\":\"https:\/\/radzynskirocznik.pl\/\",\"logo\":{\"@type\":\"ImageObject\",\"inLanguage\":\"pl-PL\",\"@id\":\"https:\/\/radzynskirocznik.pl\/#\/schema\/logo\/image\/\",\"url\":\"http:\/\/radzynskirocznik.pl\/wp-content\/uploads\/2020\/12\/logo-pion.jpg\",\"contentUrl\":\"http:\/\/radzynskirocznik.pl\/wp-content\/uploads\/2020\/12\/logo-pion.jpg\",\"width\":1393,\"height\":727,\"caption\":\"Instytut Bronis\u0142awa Szlubowskiego\"},\"image\":{\"@id\":\"https:\/\/radzynskirocznik.pl\/#\/schema\/logo\/image\/\"},\"sameAs\":[\"https:\/\/www.facebook.com\/inbrosz\"]}]}<\/script>\n<!-- \/ Yoast SEO plugin. -->","yoast_head_json":{"title":"Stan zape\u0142nienia - Radzy\u0144ski Rocznik Humanistyczny","robots":{"index":"index","follow":"follow","max-snippet":"max-snippet:-1","max-image-preview":"max-image-preview:large","max-video-preview":"max-video-preview:-1"},"canonical":"https:\/\/radzynskirocznik.pl\/?page_id=553","og_locale":"pl_PL","og_type":"article","og_title":"Stan zape\u0142nienia - Radzy\u0144ski Rocznik Humanistyczny","og_description":"Materia\u0142y naukowe (recenzowane) zakwalifikowane do tomu 18, 2020 Mateusz Pachucki: Rekruci z gminy Siemie\u0144 w armii rosyjskiej podczas I wojny \u015bwiatowej. Marek M. Kami\u0144ski, Ernest Szum: Prometeizm Janosika Podlaskiego w relacjach przyjaci\u00f3\u0142. \u0179r\u00f3d\u0142a do biografii J\u00f3zefa Koryckiego. Damian Sitkiewicz: Dokumenty dotycz\u0105ce Zwi\u0105zku Walki Zbrojnej &#8211; Armii Krajowej Obw\u00f3d Radzy\u0144 Podlaski w zbiorach Zygmunta Ma\u0144kowskiego i [&hellip;]","og_url":"https:\/\/radzynskirocznik.pl\/?page_id=553","og_site_name":"Radzy\u0144ski Rocznik Humanistyczny","article_publisher":"https:\/\/www.facebook.com\/inbrosz","article_modified_time":"2020-07-19T09:31:18+00:00","twitter_card":"summary_large_image","twitter_misc":{"Szacowany czas czytania":"1 minuta"},"schema":{"@context":"https:\/\/schema.org","@graph":[{"@type":"WebPage","@id":"https:\/\/radzynskirocznik.pl\/?page_id=553","url":"https:\/\/radzynskirocznik.pl\/?page_id=553","name":"Stan zape\u0142nienia - Radzy\u0144ski Rocznik Humanistyczny","isPartOf":{"@id":"https:\/\/radzynskirocznik.pl\/#website"},"datePublished":"2018-02-08T10:24:13+00:00","dateModified":"2020-07-19T09:31:18+00:00","breadcrumb":{"@id":"https:\/\/radzynskirocznik.pl\/?page_id=553#breadcrumb"},"inLanguage":"pl-PL","potentialAction":[{"@type":"ReadAction","target":["https:\/\/radzynskirocznik.pl\/?page_id=553"]}]},{"@type":"BreadcrumbList","@id":"https:\/\/radzynskirocznik.pl\/?page_id=553#breadcrumb","itemListElement":[{"@type":"ListItem","position":1,"name":"Strona g\u0142\u00f3wna","item":"https:\/\/radzynskirocznik.pl\/?lang=en"},{"@type":"ListItem","position":2,"name":"Stan zape\u0142nienia"}]},{"@type":"WebSite","@id":"https:\/\/radzynskirocznik.pl\/#website","url":"https:\/\/radzynskirocznik.pl\/","name":"Radzy\u0144ski Rocznik Humanistyczny","description":"","publisher":{"@id":"https:\/\/radzynskirocznik.pl\/#organization"},"potentialAction":[{"@type":"SearchAction","target":{"@type":"EntryPoint","urlTemplate":"https:\/\/radzynskirocznik.pl\/?s={search_term_string}"},"query-input":{"@type":"PropertyValueSpecification","valueRequired":true,"valueName":"search_term_string"}}],"inLanguage":"pl-PL"},{"@type":"Organization","@id":"https:\/\/radzynskirocznik.pl\/#organization","name":"Instytut Bronis\u0142awa Szlubowskiego","url":"https:\/\/radzynskirocznik.pl\/","logo":{"@type":"ImageObject","inLanguage":"pl-PL","@id":"https:\/\/radzynskirocznik.pl\/#\/schema\/logo\/image\/","url":"http:\/\/radzynskirocznik.pl\/wp-content\/uploads\/2020\/12\/logo-pion.jpg","contentUrl":"http:\/\/radzynskirocznik.pl\/wp-content\/uploads\/2020\/12\/logo-pion.jpg","width":1393,"height":727,"caption":"Instytut Bronis\u0142awa Szlubowskiego"},"image":{"@id":"https:\/\/radzynskirocznik.pl\/#\/schema\/logo\/image\/"},"sameAs":["https:\/\/www.facebook.com\/inbrosz"]}]}},"_links":{"self":[{"href":"https:\/\/radzynskirocznik.pl\/index.php?rest_route=\/wp\/v2\/pages\/553","targetHints":{"allow":["GET"]}}],"collection":[{"href":"https:\/\/radzynskirocznik.pl\/index.php?rest_route=\/wp\/v2\/pages"}],"about":[{"href":"https:\/\/radzynskirocznik.pl\/index.php?rest_route=\/wp\/v2\/types\/page"}],"author":[{"embeddable":true,"href":"https:\/\/radzynskirocznik.pl\/index.php?rest_route=\/wp\/v2\/users\/3"}],"replies":[{"embeddable":true,"href":"https:\/\/radzynskirocznik.pl\/index.php?rest_route=%2Fwp%2Fv2%2Fcomments&post=553"}],"version-history":[{"count":52,"href":"https:\/\/radzynskirocznik.pl\/index.php?rest_route=\/wp\/v2\/pages\/553\/revisions"}],"predecessor-version":[{"id":2129,"href":"https:\/\/radzynskirocznik.pl\/index.php?rest_route=\/wp\/v2\/pages\/553\/revisions\/2129"}],"wp:attachment":[{"href":"https:\/\/radzynskirocznik.pl\/index.php?rest_route=%2Fwp%2Fv2%2Fmedia&parent=553"}],"curies":[{"name":"wp","href":"https:\/\/api.w.org\/{rel}","templated":true}]}}