{"id":3001,"date":"2021-10-28T16:32:49","date_gmt":"2021-10-28T16:32:49","guid":{"rendered":"http:\/\/radzynskirocznik.pl\/?page_id=3001"},"modified":"2021-11-05T18:43:25","modified_gmt":"2021-11-05T18:43:25","slug":"tom-18-2021","status":"publish","type":"page","link":"https:\/\/radzynskirocznik.pl\/?page_id=3001","title":{"rendered":"Tom 19, 2021"},"content":{"rendered":"<p><em>Data publikacji wersji drukowanej: 5.11.2021<a href=\"http:\/\/radzynskirocznik.pl\/wp-content\/uploads\/2021\/10\/okladka_rrh_19.jpg\"><img loading=\"lazy\" decoding=\"async\" class=\" wp-image-3027 alignright\" src=\"http:\/\/radzynskirocznik.pl\/wp-content\/uploads\/2021\/10\/okladka_rrh_19.jpg\" alt=\"\" width=\"195\" height=\"273\" srcset=\"https:\/\/radzynskirocznik.pl\/wp-content\/uploads\/2021\/10\/okladka_rrh_19.jpg 856w, https:\/\/radzynskirocznik.pl\/wp-content\/uploads\/2021\/10\/okladka_rrh_19-214x300.jpg 214w, https:\/\/radzynskirocznik.pl\/wp-content\/uploads\/2021\/10\/okladka_rrh_19-730x1024.jpg 730w, https:\/\/radzynskirocznik.pl\/wp-content\/uploads\/2021\/10\/okladka_rrh_19-768x1077.jpg 768w\" sizes=\"auto, (max-width: 195px) 100vw, 195px\" \/><\/a><\/em><\/p>\n<p><a href=\"http:\/\/radzynskirocznik.pl\/wp-content\/uploads\/2021\/10\/druk_pierwsze_rrh19_2021.pdf\">Strona redakcyjna i spis tre\u015bci<\/a><\/p>\n<p>ARTUR GOSZCZY\u0143SKI<\/p>\n<p><a href=\"http:\/\/radzynskirocznik.pl\/wp-content\/uploads\/2021\/10\/druk_goszczynski_rrh19_2021.pdf\">O wp\u0142ywie warunk\u00f3w atmosferycznych na przebieg bitwy pod Chocimiem z 1621 roku<\/a><\/p>\n<p>ARTUR G\u00d3RAK<\/p>\n<p><a href=\"http:\/\/radzynskirocznik.pl\/wp-content\/uploads\/2021\/10\/druk_gorak_rrh19_2021.pdf\">Rosyjskie projekty herb\u00f3w miast powiatu radzy\u0144skiego w drugiej po\u0142owie XIX wieku<\/a><\/p>\n<p>PIOTR A. CZY\u017b<\/p>\n<p><a href=\"http:\/\/radzynskirocznik.pl\/wp-content\/uploads\/2021\/10\/druk_czyz_rrh19_2021.pdf\">Wykaz ziemia\u0144stwa powiatu radzy\u0144skiego z lat 1882-1897 na podstawie rz\u0105dowych publikacji <em>Pamjatnyje Kni\u017cki Siedleckoj Guberni<\/em><\/a><\/p>\n<p>HALINA JARZ\u0104B<\/p>\n<p><a href=\"http:\/\/radzynskirocznik.pl\/wp-content\/uploads\/2021\/10\/druk_jarzab_rrh19_2021.pdf\">Zarys dziej\u00f3w dworu i maj\u0105tku Mo\u015bcibrody do 1944 roku<\/a><\/p>\n<p>ALICJA GONTAREK<\/p>\n<p><a href=\"http:\/\/radzynskirocznik.pl\/wp-content\/uploads\/2021\/10\/druk_gontarek_rrh19_2021.pdf\">Z dziej\u00f3w \u017cydowskiej przedsi\u0119biorczo\u015bci w Radzyniu Podlaskim w okresie mi\u0119dzywojennym &#8211; przypadek przewo\u017anika samochodowego Henocha Gotesdynera (na tle sytuacji zarobkkowej transportu samochodowego w wojew\u00f3dztwie lubelskim<\/a><\/p>\n<p>ERNEST SZUM<\/p>\n<p><a href=\"http:\/\/radzynskirocznik.pl\/wp-content\/uploads\/2021\/10\/druk_szum_rrh19_2021.pdf\">Plutonowy J\u00f3zef \u0141opatniuk (1907-1969). Podlaski obro\u0144ca Westerplatte<\/a><\/p>\n<p>WOJCIECH PASZY\u0143SKI<\/p>\n<p><a href=\"http:\/\/radzynskirocznik.pl\/wp-content\/uploads\/2021\/10\/druk_paszynski_rrh19_2021.pdf\">&#8222;Edeljude&#8221; i cudowne ocalenie &#8211; przypadek bliskiej relacji Adolfa Hitlera z \u017cydowskim lekarzem Eduardem Blochem (1872-1945)<\/a><\/p>\n<p>DAMIAN SITKIEWICZ<\/p>\n<p><a href=\"http:\/\/radzynskirocznik.pl\/wp-content\/uploads\/2021\/10\/druk_sitkiewicz_rrh19_2021.pdf\">Albert Johann Goldgruber. Zbrodnicza dzia\u0142alno\u015b\u0107 kapitana \u017candarmerii niemieckiej na powiaty bialski, pu\u0142awski i radzy\u0144ski w latach 1939-1944<\/a><\/p>\n<p>WIES\u0141AW CHARCZUK<\/p>\n<p><a href=\"http:\/\/radzynskirocznik.pl\/wp-content\/uploads\/2021\/10\/druk_charczuk_rrh19_2021.pdf\">Kryptonim &#8222;Kruk&#8221;. Rozpracowywanie przez komunistyczny aparat bezpiecze\u0144stwa ppor. Czes\u0142awa \u0141ugowskiego &#8222;Kobus&#8221; &#8211; \u017co\u0142nierza podlaskich konspiracyjnych struktur podziemia narodowego, p\u00f3\u017aniejszego wieloletniego Komendanta Powiatowego Stra\u017cy Po\u017carnych w Soko\u0142owie Lubelskim<\/a><\/p>\n<p>DARIUSZ MAGIER<\/p>\n<p><a href=\"http:\/\/radzynskirocznik.pl\/wp-content\/uploads\/2021\/10\/druk_magier_rrh19_2021.pdf\">In\u017cynier Cieci\u00f3ra uzasadnia potrzeb\u0119 zmiany hymnu narodowego z okazji powstania Polskiej Zjednoczonej Partii Robotniczej<\/a><\/p>\n<p>ZIEMOWIT BYLICKI<\/p>\n<p><a href=\"http:\/\/radzynskirocznik.pl\/wp-content\/uploads\/2021\/10\/druk_bylicki_rrh19_2021.pdf\">Mariawici w \u015bwietle dokument\u00f3w siedleckich struktur Urz\u0119du do Spraw Wyzna\u0144 (1950-1989)<\/a><\/p>\n<p>MA\u0141GORZATA NIKONIUK<\/p>\n<p><a href=\"http:\/\/radzynskirocznik.pl\/wp-content\/uploads\/2021\/10\/druk_nikoniuk_rrh19_2021.pdf\">&#8222;W imi\u0119 spo\u0142ecznego dobra&#8221;. Czyny spo\u0142eczne i partyjne na terenie wojew\u00f3dztwa bialskopodlaskiego w latach 1975-1989. Przyczynek do dalszych rozwa\u017ca\u0144<\/a><\/p>\n<p>EUGENIUSZ WILKOWSKI<\/p>\n<p><a href=\"http:\/\/radzynskirocznik.pl\/wp-content\/uploads\/2021\/10\/druk_wilkowski_rrh19_2021.pdf\">Duszpasterstwo rolnik\u00f3w diecezji lubelskiej lat 80. XX wieku<\/a><\/p>\n<p>X. STANIS\u0141AW DZYR<\/p>\n<p><a href=\"http:\/\/radzynskirocznik.pl\/wp-content\/uploads\/2021\/10\/druk_dzyr_rrh19_2021.pdf\">Stefan Kozak &#8222;Dawidy na szlaku bojowym&#8221;<\/a><\/p>\n<p>IRENA KULIK<\/p>\n<p><a href=\"http:\/\/radzynskirocznik.pl\/wp-content\/uploads\/2021\/10\/druk_kulik_rrh19_2021.pdf\">O &#8222;Nazwiskach krasnostawian w II po\u0142owie XVIII wieku na podstawie metryk os\u00f3b zmar\u0142ych z okresu 1748-1786&#8221; na I Mi\u0119dzynarodowych Spotkaniach Onomastycznych<\/a><\/p>\n<p>RALAND YELIANEVICH<\/p>\n<p><a href=\"http:\/\/radzynskirocznik.pl\/wp-content\/uploads\/2021\/10\/druk_yelianevich_rrh19_2021.pdf\">Zamach w mi\u0144skim metrze 11 kwietnia 2011 roku, czyli kara \u015bmierci w p\u00f3\u0142 roku<\/a><\/p>\n<p>ANNA WASAK, ROBERT MAZUREK<\/p>\n<p><a href=\"http:\/\/radzynskirocznik.pl\/wp-content\/uploads\/2021\/10\/druk_wasak_mazurek_rrh19_2021.pdf\">Radzy\u0144skie Spotkania z Podr\u00f3\u017cnikami. Cz. 10<\/a><\/p>\n","protected":false},"excerpt":{"rendered":"<p>Data publikacji wersji drukowanej: 5.11.2021 Strona redakcyjna i spis tre\u015bci ARTUR GOSZCZY\u0143SKI O wp\u0142ywie warunk\u00f3w atmosferycznych na przebieg bitwy pod Chocimiem z 1621 roku ARTUR G\u00d3RAK Rosyjskie projekty herb\u00f3w miast powiatu radzy\u0144skiego w drugiej po\u0142owie XIX wieku PIOTR A. CZY\u017b Wykaz ziemia\u0144stwa powiatu radzy\u0144skiego z lat 1882-1897 na podstawie rz\u0105dowych publikacji Pamjatnyje Kni\u017cki Siedleckoj Guberni [&hellip;]<\/p>\n","protected":false},"author":3,"featured_media":0,"parent":0,"menu_order":0,"comment_status":"closed","ping_status":"closed","template":"","meta":{"footnotes":""},"class_list":["post-3001","page","type-page","status-publish","hentry"],"yoast_head":"<!-- This site is optimized with the Yoast SEO plugin v26.6 - https:\/\/yoast.com\/wordpress\/plugins\/seo\/ -->\n<title>Tom 19, 2021 - Radzy\u0144ski Rocznik Humanistyczny<\/title>\n<meta name=\"robots\" content=\"index, follow, max-snippet:-1, max-image-preview:large, max-video-preview:-1\" \/>\n<link rel=\"canonical\" href=\"https:\/\/radzynskirocznik.pl\/?page_id=3001\" \/>\n<meta property=\"og:locale\" content=\"pl_PL\" \/>\n<meta property=\"og:type\" content=\"article\" \/>\n<meta property=\"og:title\" content=\"Tom 19, 2021 - Radzy\u0144ski Rocznik Humanistyczny\" \/>\n<meta property=\"og:description\" content=\"Data publikacji wersji drukowanej: 5.11.2021 Strona redakcyjna i spis tre\u015bci ARTUR GOSZCZY\u0143SKI O wp\u0142ywie warunk\u00f3w atmosferycznych na przebieg bitwy pod Chocimiem z 1621 roku ARTUR G\u00d3RAK Rosyjskie projekty herb\u00f3w miast powiatu radzy\u0144skiego w drugiej po\u0142owie XIX wieku PIOTR A. CZY\u017b Wykaz ziemia\u0144stwa powiatu radzy\u0144skiego z lat 1882-1897 na podstawie rz\u0105dowych publikacji Pamjatnyje Kni\u017cki Siedleckoj Guberni [&hellip;]\" \/>\n<meta property=\"og:url\" content=\"https:\/\/radzynskirocznik.pl\/?page_id=3001\" \/>\n<meta property=\"og:site_name\" content=\"Radzy\u0144ski Rocznik Humanistyczny\" \/>\n<meta property=\"article:publisher\" content=\"https:\/\/www.facebook.com\/inbrosz\" \/>\n<meta property=\"article:modified_time\" content=\"2021-11-05T18:43:25+00:00\" \/>\n<meta property=\"og:image\" content=\"http:\/\/radzynskirocznik.pl\/wp-content\/uploads\/2021\/10\/okladka_rrh_19.jpg\" \/>\n<meta name=\"twitter:card\" content=\"summary_large_image\" \/>\n<meta name=\"twitter:label1\" content=\"Szacowany czas czytania\" \/>\n\t<meta name=\"twitter:data1\" content=\"2 minuty\" \/>\n<script type=\"application\/ld+json\" class=\"yoast-schema-graph\">{\"@context\":\"https:\/\/schema.org\",\"@graph\":[{\"@type\":\"WebPage\",\"@id\":\"https:\/\/radzynskirocznik.pl\/?page_id=3001\",\"url\":\"https:\/\/radzynskirocznik.pl\/?page_id=3001\",\"name\":\"Tom 19, 2021 - Radzy\u0144ski Rocznik Humanistyczny\",\"isPartOf\":{\"@id\":\"https:\/\/radzynskirocznik.pl\/#website\"},\"primaryImageOfPage\":{\"@id\":\"https:\/\/radzynskirocznik.pl\/?page_id=3001#primaryimage\"},\"image\":{\"@id\":\"https:\/\/radzynskirocznik.pl\/?page_id=3001#primaryimage\"},\"thumbnailUrl\":\"http:\/\/radzynskirocznik.pl\/wp-content\/uploads\/2021\/10\/okladka_rrh_19.jpg\",\"datePublished\":\"2021-10-28T16:32:49+00:00\",\"dateModified\":\"2021-11-05T18:43:25+00:00\",\"breadcrumb\":{\"@id\":\"https:\/\/radzynskirocznik.pl\/?page_id=3001#breadcrumb\"},\"inLanguage\":\"pl-PL\",\"potentialAction\":[{\"@type\":\"ReadAction\",\"target\":[\"https:\/\/radzynskirocznik.pl\/?page_id=3001\"]}]},{\"@type\":\"ImageObject\",\"inLanguage\":\"pl-PL\",\"@id\":\"https:\/\/radzynskirocznik.pl\/?page_id=3001#primaryimage\",\"url\":\"https:\/\/radzynskirocznik.pl\/wp-content\/uploads\/2021\/10\/okladka_rrh_19.jpg\",\"contentUrl\":\"https:\/\/radzynskirocznik.pl\/wp-content\/uploads\/2021\/10\/okladka_rrh_19.jpg\",\"width\":856,\"height\":1200},{\"@type\":\"BreadcrumbList\",\"@id\":\"https:\/\/radzynskirocznik.pl\/?page_id=3001#breadcrumb\",\"itemListElement\":[{\"@type\":\"ListItem\",\"position\":1,\"name\":\"Strona g\u0142\u00f3wna\",\"item\":\"https:\/\/radzynskirocznik.pl\/?lang=en\"},{\"@type\":\"ListItem\",\"position\":2,\"name\":\"Tom 19, 2021\"}]},{\"@type\":\"WebSite\",\"@id\":\"https:\/\/radzynskirocznik.pl\/#website\",\"url\":\"https:\/\/radzynskirocznik.pl\/\",\"name\":\"Radzy\u0144ski Rocznik Humanistyczny\",\"description\":\"\",\"publisher\":{\"@id\":\"https:\/\/radzynskirocznik.pl\/#organization\"},\"potentialAction\":[{\"@type\":\"SearchAction\",\"target\":{\"@type\":\"EntryPoint\",\"urlTemplate\":\"https:\/\/radzynskirocznik.pl\/?s={search_term_string}\"},\"query-input\":{\"@type\":\"PropertyValueSpecification\",\"valueRequired\":true,\"valueName\":\"search_term_string\"}}],\"inLanguage\":\"pl-PL\"},{\"@type\":\"Organization\",\"@id\":\"https:\/\/radzynskirocznik.pl\/#organization\",\"name\":\"Instytut Bronis\u0142awa Szlubowskiego\",\"url\":\"https:\/\/radzynskirocznik.pl\/\",\"logo\":{\"@type\":\"ImageObject\",\"inLanguage\":\"pl-PL\",\"@id\":\"https:\/\/radzynskirocznik.pl\/#\/schema\/logo\/image\/\",\"url\":\"http:\/\/radzynskirocznik.pl\/wp-content\/uploads\/2020\/12\/logo-pion.jpg\",\"contentUrl\":\"http:\/\/radzynskirocznik.pl\/wp-content\/uploads\/2020\/12\/logo-pion.jpg\",\"width\":1393,\"height\":727,\"caption\":\"Instytut Bronis\u0142awa Szlubowskiego\"},\"image\":{\"@id\":\"https:\/\/radzynskirocznik.pl\/#\/schema\/logo\/image\/\"},\"sameAs\":[\"https:\/\/www.facebook.com\/inbrosz\"]}]}<\/script>\n<!-- \/ Yoast SEO plugin. -->","yoast_head_json":{"title":"Tom 19, 2021 - Radzy\u0144ski Rocznik Humanistyczny","robots":{"index":"index","follow":"follow","max-snippet":"max-snippet:-1","max-image-preview":"max-image-preview:large","max-video-preview":"max-video-preview:-1"},"canonical":"https:\/\/radzynskirocznik.pl\/?page_id=3001","og_locale":"pl_PL","og_type":"article","og_title":"Tom 19, 2021 - Radzy\u0144ski Rocznik Humanistyczny","og_description":"Data publikacji wersji drukowanej: 5.11.2021 Strona redakcyjna i spis tre\u015bci ARTUR GOSZCZY\u0143SKI O wp\u0142ywie warunk\u00f3w atmosferycznych na przebieg bitwy pod Chocimiem z 1621 roku ARTUR G\u00d3RAK Rosyjskie projekty herb\u00f3w miast powiatu radzy\u0144skiego w drugiej po\u0142owie XIX wieku PIOTR A. CZY\u017b Wykaz ziemia\u0144stwa powiatu radzy\u0144skiego z lat 1882-1897 na podstawie rz\u0105dowych publikacji Pamjatnyje Kni\u017cki Siedleckoj Guberni [&hellip;]","og_url":"https:\/\/radzynskirocznik.pl\/?page_id=3001","og_site_name":"Radzy\u0144ski Rocznik Humanistyczny","article_publisher":"https:\/\/www.facebook.com\/inbrosz","article_modified_time":"2021-11-05T18:43:25+00:00","og_image":[{"url":"http:\/\/radzynskirocznik.pl\/wp-content\/uploads\/2021\/10\/okladka_rrh_19.jpg","type":"","width":"","height":""}],"twitter_card":"summary_large_image","twitter_misc":{"Szacowany czas czytania":"2 minuty"},"schema":{"@context":"https:\/\/schema.org","@graph":[{"@type":"WebPage","@id":"https:\/\/radzynskirocznik.pl\/?page_id=3001","url":"https:\/\/radzynskirocznik.pl\/?page_id=3001","name":"Tom 19, 2021 - Radzy\u0144ski Rocznik Humanistyczny","isPartOf":{"@id":"https:\/\/radzynskirocznik.pl\/#website"},"primaryImageOfPage":{"@id":"https:\/\/radzynskirocznik.pl\/?page_id=3001#primaryimage"},"image":{"@id":"https:\/\/radzynskirocznik.pl\/?page_id=3001#primaryimage"},"thumbnailUrl":"http:\/\/radzynskirocznik.pl\/wp-content\/uploads\/2021\/10\/okladka_rrh_19.jpg","datePublished":"2021-10-28T16:32:49+00:00","dateModified":"2021-11-05T18:43:25+00:00","breadcrumb":{"@id":"https:\/\/radzynskirocznik.pl\/?page_id=3001#breadcrumb"},"inLanguage":"pl-PL","potentialAction":[{"@type":"ReadAction","target":["https:\/\/radzynskirocznik.pl\/?page_id=3001"]}]},{"@type":"ImageObject","inLanguage":"pl-PL","@id":"https:\/\/radzynskirocznik.pl\/?page_id=3001#primaryimage","url":"https:\/\/radzynskirocznik.pl\/wp-content\/uploads\/2021\/10\/okladka_rrh_19.jpg","contentUrl":"https:\/\/radzynskirocznik.pl\/wp-content\/uploads\/2021\/10\/okladka_rrh_19.jpg","width":856,"height":1200},{"@type":"BreadcrumbList","@id":"https:\/\/radzynskirocznik.pl\/?page_id=3001#breadcrumb","itemListElement":[{"@type":"ListItem","position":1,"name":"Strona g\u0142\u00f3wna","item":"https:\/\/radzynskirocznik.pl\/?lang=en"},{"@type":"ListItem","position":2,"name":"Tom 19, 2021"}]},{"@type":"WebSite","@id":"https:\/\/radzynskirocznik.pl\/#website","url":"https:\/\/radzynskirocznik.pl\/","name":"Radzy\u0144ski Rocznik Humanistyczny","description":"","publisher":{"@id":"https:\/\/radzynskirocznik.pl\/#organization"},"potentialAction":[{"@type":"SearchAction","target":{"@type":"EntryPoint","urlTemplate":"https:\/\/radzynskirocznik.pl\/?s={search_term_string}"},"query-input":{"@type":"PropertyValueSpecification","valueRequired":true,"valueName":"search_term_string"}}],"inLanguage":"pl-PL"},{"@type":"Organization","@id":"https:\/\/radzynskirocznik.pl\/#organization","name":"Instytut Bronis\u0142awa Szlubowskiego","url":"https:\/\/radzynskirocznik.pl\/","logo":{"@type":"ImageObject","inLanguage":"pl-PL","@id":"https:\/\/radzynskirocznik.pl\/#\/schema\/logo\/image\/","url":"http:\/\/radzynskirocznik.pl\/wp-content\/uploads\/2020\/12\/logo-pion.jpg","contentUrl":"http:\/\/radzynskirocznik.pl\/wp-content\/uploads\/2020\/12\/logo-pion.jpg","width":1393,"height":727,"caption":"Instytut Bronis\u0142awa Szlubowskiego"},"image":{"@id":"https:\/\/radzynskirocznik.pl\/#\/schema\/logo\/image\/"},"sameAs":["https:\/\/www.facebook.com\/inbrosz"]}]}},"_links":{"self":[{"href":"https:\/\/radzynskirocznik.pl\/index.php?rest_route=\/wp\/v2\/pages\/3001","targetHints":{"allow":["GET"]}}],"collection":[{"href":"https:\/\/radzynskirocznik.pl\/index.php?rest_route=\/wp\/v2\/pages"}],"about":[{"href":"https:\/\/radzynskirocznik.pl\/index.php?rest_route=\/wp\/v2\/types\/page"}],"author":[{"embeddable":true,"href":"https:\/\/radzynskirocznik.pl\/index.php?rest_route=\/wp\/v2\/users\/3"}],"replies":[{"embeddable":true,"href":"https:\/\/radzynskirocznik.pl\/index.php?rest_route=%2Fwp%2Fv2%2Fcomments&post=3001"}],"version-history":[{"count":6,"href":"https:\/\/radzynskirocznik.pl\/index.php?rest_route=\/wp\/v2\/pages\/3001\/revisions"}],"predecessor-version":[{"id":3060,"href":"https:\/\/radzynskirocznik.pl\/index.php?rest_route=\/wp\/v2\/pages\/3001\/revisions\/3060"}],"wp:attachment":[{"href":"https:\/\/radzynskirocznik.pl\/index.php?rest_route=%2Fwp%2Fv2%2Fmedia&parent=3001"}],"curies":[{"name":"wp","href":"https:\/\/api.w.org\/{rel}","templated":true}]}}