{"id":2288,"date":"2020-10-20T13:56:53","date_gmt":"2020-10-20T13:56:53","guid":{"rendered":"http:\/\/radzynskirocznik.pl\/?page_id=2288"},"modified":"2020-10-20T16:42:58","modified_gmt":"2020-10-20T16:42:58","slug":"tom-18-2020","status":"publish","type":"page","link":"https:\/\/radzynskirocznik.pl\/?page_id=2288","title":{"rendered":"Tom 18, 2020"},"content":{"rendered":"\n<p><em>Data publikacji wersji drukowanej: 20.10.2020<\/em><\/p>\n\n\n\n<p><a href=\"http:\/\/radzynskirocznik.pl\/wp-content\/uploads\/2020\/10\/pierwsze_RRH_2020.pdf\" target=\"_blank\" rel=\"noreferrer noopener\">Strona redakcyjna i spis tre\u015bci<\/a><\/p>\n\n\n\n<p>TOMASZ SAJECKI<\/p>\n\n\n\n<p><a href=\"http:\/\/radzynskirocznik.pl\/wp-content\/uploads\/2020\/10\/Sejecki_RRH_2020.pdf\" target=\"_blank\" rel=\"noreferrer noopener\">Zawada pod Tarnowem &#8211; wielkie grodzisko z wczesnego \u015bredniowiecza<\/a><\/p>\n\n\n\n<p>MATEUSZ PACHUCKI<\/p>\n\n\n\n<p><a href=\"http:\/\/radzynskirocznik.pl\/wp-content\/uploads\/2020\/10\/pachucki_18_2020.pdf\" target=\"_blank\" rel=\"noreferrer noopener\">Rekruci z gminy Siemie\u0144 w armii rosyjskiej podczas I wojny \u015bwiatowej<\/a><\/p>\n\n\n\n<p>DAMIAN SITKIEWICZ<\/p>\n\n\n\n<p><a href=\"http:\/\/radzynskirocznik.pl\/wp-content\/uploads\/2020\/10\/Sitkiewicz_RRH_2020.pdf\" target=\"_blank\" rel=\"noreferrer noopener\">Dokumenty dotycz\u0105ce Zwi\u0105zku Walki Zbrojnej &#8211; Armii Krajowej Obw\u00f3d Radzy\u0144 Podlaski w zbiorach Zygmunta Ma\u0144kowskiego i Ireneusza Cabana<\/a><\/p>\n\n\n\n<p>DARIUSZ MAGIER<\/p>\n\n\n\n<p><a href=\"http:\/\/radzynskirocznik.pl\/wp-content\/uploads\/2020\/10\/Magier_RRH_2020.pdf\" target=\"_blank\" rel=\"noreferrer noopener\">Stosunek milicjant\u00f3w powiatu radzy\u0144skiego do komunizmu i Zwi\u0105zku Sowieckiego na pocz\u0105tku 1946 roku<\/a><\/p>\n\n\n\n<p>MA\u0141GORZATA NIKONIUK<\/p>\n\n\n\n<p><a href=\"http:\/\/radzynskirocznik.pl\/wp-content\/uploads\/2020\/10\/Nikoniuk_RRH_2020.pdf\" target=\"_blank\" rel=\"noreferrer noopener\">Problemy rozwoju wojew\u00f3dztwa bialskopodlaskiego w pocz\u0105tkowym okresie funkcjonowania (1975-1979)<\/a><\/p>\n\n\n\n<p>PAWE\u0141 OR\u0141OWSKI<\/p>\n\n\n\n<p><a href=\"http:\/\/radzynskirocznik.pl\/wp-content\/uploads\/2020\/10\/Orlowski_RRH_2020.pdf\" target=\"_blank\" rel=\"noreferrer noopener\">Bol\u0105czki mieszka\u0144c\u00f3w wojew\u00f3dztwa bialskopodlaskiego w pocz\u0105tkowym okresie jego istnienia (1975-1976) w \u015bwietle list\u00f3w i skarg kierowanych do Komitetu Wojew\u00f3dzkiego PZPR w Bia\u0142ej Podlaskiej<\/a><\/p>\n\n\n\n<p>EUGENIUSZ WILKOWSKI<\/p>\n\n\n\n<p><a href=\"http:\/\/radzynskirocznik.pl\/wp-content\/uploads\/2020\/10\/Wilkowski_RRH_2020.pdf\" target=\"_blank\" rel=\"noreferrer noopener\">Struktury podziemnej &#8222;Solidarno\u015bci&#8221; rolniczej na Lubelszczy\u017anie w latach 1982-1989<\/a><\/p>\n\n\n\n<p>MAREK M. KAMI\u0143SKI, ERNEST SZUM<\/p>\n\n\n\n<p><a href=\"http:\/\/radzynskirocznik.pl\/wp-content\/uploads\/2020\/10\/Kaminski_Szum_RRH_2020.pdf\" target=\"_blank\" rel=\"noreferrer noopener\">Prometeizm <em>Janosika Podlaskiego<\/em> w relacjach przyjaci\u00f3\u0142. \u0179r\u00f3d\u0142a do biografii J\u00f3zefa Koryckiego<\/a><\/p>\n\n\n\n<p><a href=\"http:\/\/radzynskirocznik.pl\/wp-content\/uploads\/2020\/10\/Podroznicy_RRH_2020.pdf\" target=\"_blank\" rel=\"noreferrer noopener\">RADZY\u0143SKIE SPOTKANIA Z PODR\u00d3\u017bNIKAMI. CZ. 9 (Anna Wasak, Robert Mazurek)<\/a><\/p>\n\n\n\n<p><\/p>\n","protected":false},"excerpt":{"rendered":"<p>Data publikacji wersji drukowanej: 20.10.2020 Strona redakcyjna i spis tre\u015bci TOMASZ SAJECKI Zawada pod Tarnowem &#8211; wielkie grodzisko z wczesnego \u015bredniowiecza MATEUSZ PACHUCKI Rekruci z gminy Siemie\u0144 w armii rosyjskiej podczas I wojny \u015bwiatowej DAMIAN SITKIEWICZ Dokumenty dotycz\u0105ce Zwi\u0105zku Walki Zbrojnej &#8211; Armii Krajowej Obw\u00f3d Radzy\u0144 Podlaski w zbiorach Zygmunta Ma\u0144kowskiego i Ireneusza Cabana DARIUSZ [&hellip;]<\/p>\n","protected":false},"author":3,"featured_media":2316,"parent":0,"menu_order":0,"comment_status":"closed","ping_status":"closed","template":"","meta":{"footnotes":""},"class_list":["post-2288","page","type-page","status-publish","has-post-thumbnail","hentry"],"yoast_head":"<!-- This site is optimized with the Yoast SEO plugin v26.6 - https:\/\/yoast.com\/wordpress\/plugins\/seo\/ -->\n<title>Tom 18, 2020 - Radzy\u0144ski Rocznik Humanistyczny<\/title>\n<meta name=\"robots\" content=\"index, follow, max-snippet:-1, max-image-preview:large, max-video-preview:-1\" \/>\n<link rel=\"canonical\" href=\"https:\/\/radzynskirocznik.pl\/?page_id=2288\" \/>\n<meta property=\"og:locale\" content=\"pl_PL\" \/>\n<meta property=\"og:type\" content=\"article\" \/>\n<meta property=\"og:title\" content=\"Tom 18, 2020 - Radzy\u0144ski Rocznik Humanistyczny\" \/>\n<meta property=\"og:description\" content=\"Data publikacji wersji drukowanej: 20.10.2020 Strona redakcyjna i spis tre\u015bci TOMASZ SAJECKI Zawada pod Tarnowem &#8211; wielkie grodzisko z wczesnego \u015bredniowiecza MATEUSZ PACHUCKI Rekruci z gminy Siemie\u0144 w armii rosyjskiej podczas I wojny \u015bwiatowej DAMIAN SITKIEWICZ Dokumenty dotycz\u0105ce Zwi\u0105zku Walki Zbrojnej &#8211; Armii Krajowej Obw\u00f3d Radzy\u0144 Podlaski w zbiorach Zygmunta Ma\u0144kowskiego i Ireneusza Cabana DARIUSZ [&hellip;]\" \/>\n<meta property=\"og:url\" content=\"https:\/\/radzynskirocznik.pl\/?page_id=2288\" \/>\n<meta property=\"og:site_name\" content=\"Radzy\u0144ski Rocznik Humanistyczny\" \/>\n<meta property=\"article:publisher\" content=\"https:\/\/www.facebook.com\/inbrosz\" \/>\n<meta property=\"article:modified_time\" content=\"2020-10-20T16:42:58+00:00\" \/>\n<meta property=\"og:image\" content=\"https:\/\/radzynskirocznik.pl\/wp-content\/uploads\/2020\/10\/okladka.jpg\" \/>\n\t<meta property=\"og:image:width\" content=\"380\" \/>\n\t<meta property=\"og:image:height\" content=\"543\" \/>\n\t<meta property=\"og:image:type\" content=\"image\/jpeg\" \/>\n<meta name=\"twitter:card\" content=\"summary_large_image\" \/>\n<meta name=\"twitter:label1\" content=\"Szacowany czas czytania\" \/>\n\t<meta name=\"twitter:data1\" content=\"1 minuta\" \/>\n<script type=\"application\/ld+json\" class=\"yoast-schema-graph\">{\"@context\":\"https:\/\/schema.org\",\"@graph\":[{\"@type\":\"WebPage\",\"@id\":\"https:\/\/radzynskirocznik.pl\/?page_id=2288\",\"url\":\"https:\/\/radzynskirocznik.pl\/?page_id=2288\",\"name\":\"Tom 18, 2020 - Radzy\u0144ski Rocznik Humanistyczny\",\"isPartOf\":{\"@id\":\"https:\/\/radzynskirocznik.pl\/#website\"},\"primaryImageOfPage\":{\"@id\":\"https:\/\/radzynskirocznik.pl\/?page_id=2288#primaryimage\"},\"image\":{\"@id\":\"https:\/\/radzynskirocznik.pl\/?page_id=2288#primaryimage\"},\"thumbnailUrl\":\"https:\/\/radzynskirocznik.pl\/wp-content\/uploads\/2020\/10\/okladka.jpg\",\"datePublished\":\"2020-10-20T13:56:53+00:00\",\"dateModified\":\"2020-10-20T16:42:58+00:00\",\"breadcrumb\":{\"@id\":\"https:\/\/radzynskirocznik.pl\/?page_id=2288#breadcrumb\"},\"inLanguage\":\"pl-PL\",\"potentialAction\":[{\"@type\":\"ReadAction\",\"target\":[\"https:\/\/radzynskirocznik.pl\/?page_id=2288\"]}]},{\"@type\":\"ImageObject\",\"inLanguage\":\"pl-PL\",\"@id\":\"https:\/\/radzynskirocznik.pl\/?page_id=2288#primaryimage\",\"url\":\"https:\/\/radzynskirocznik.pl\/wp-content\/uploads\/2020\/10\/okladka.jpg\",\"contentUrl\":\"https:\/\/radzynskirocznik.pl\/wp-content\/uploads\/2020\/10\/okladka.jpg\",\"width\":380,\"height\":543},{\"@type\":\"BreadcrumbList\",\"@id\":\"https:\/\/radzynskirocznik.pl\/?page_id=2288#breadcrumb\",\"itemListElement\":[{\"@type\":\"ListItem\",\"position\":1,\"name\":\"Strona g\u0142\u00f3wna\",\"item\":\"https:\/\/radzynskirocznik.pl\/?lang=en\"},{\"@type\":\"ListItem\",\"position\":2,\"name\":\"Tom 18, 2020\"}]},{\"@type\":\"WebSite\",\"@id\":\"https:\/\/radzynskirocznik.pl\/#website\",\"url\":\"https:\/\/radzynskirocznik.pl\/\",\"name\":\"Radzy\u0144ski Rocznik Humanistyczny\",\"description\":\"\",\"publisher\":{\"@id\":\"https:\/\/radzynskirocznik.pl\/#organization\"},\"potentialAction\":[{\"@type\":\"SearchAction\",\"target\":{\"@type\":\"EntryPoint\",\"urlTemplate\":\"https:\/\/radzynskirocznik.pl\/?s={search_term_string}\"},\"query-input\":{\"@type\":\"PropertyValueSpecification\",\"valueRequired\":true,\"valueName\":\"search_term_string\"}}],\"inLanguage\":\"pl-PL\"},{\"@type\":\"Organization\",\"@id\":\"https:\/\/radzynskirocznik.pl\/#organization\",\"name\":\"Instytut Bronis\u0142awa Szlubowskiego\",\"url\":\"https:\/\/radzynskirocznik.pl\/\",\"logo\":{\"@type\":\"ImageObject\",\"inLanguage\":\"pl-PL\",\"@id\":\"https:\/\/radzynskirocznik.pl\/#\/schema\/logo\/image\/\",\"url\":\"http:\/\/radzynskirocznik.pl\/wp-content\/uploads\/2020\/12\/logo-pion.jpg\",\"contentUrl\":\"http:\/\/radzynskirocznik.pl\/wp-content\/uploads\/2020\/12\/logo-pion.jpg\",\"width\":1393,\"height\":727,\"caption\":\"Instytut Bronis\u0142awa Szlubowskiego\"},\"image\":{\"@id\":\"https:\/\/radzynskirocznik.pl\/#\/schema\/logo\/image\/\"},\"sameAs\":[\"https:\/\/www.facebook.com\/inbrosz\"]}]}<\/script>\n<!-- \/ Yoast SEO plugin. -->","yoast_head_json":{"title":"Tom 18, 2020 - Radzy\u0144ski Rocznik Humanistyczny","robots":{"index":"index","follow":"follow","max-snippet":"max-snippet:-1","max-image-preview":"max-image-preview:large","max-video-preview":"max-video-preview:-1"},"canonical":"https:\/\/radzynskirocznik.pl\/?page_id=2288","og_locale":"pl_PL","og_type":"article","og_title":"Tom 18, 2020 - Radzy\u0144ski Rocznik Humanistyczny","og_description":"Data publikacji wersji drukowanej: 20.10.2020 Strona redakcyjna i spis tre\u015bci TOMASZ SAJECKI Zawada pod Tarnowem &#8211; wielkie grodzisko z wczesnego \u015bredniowiecza MATEUSZ PACHUCKI Rekruci z gminy Siemie\u0144 w armii rosyjskiej podczas I wojny \u015bwiatowej DAMIAN SITKIEWICZ Dokumenty dotycz\u0105ce Zwi\u0105zku Walki Zbrojnej &#8211; Armii Krajowej Obw\u00f3d Radzy\u0144 Podlaski w zbiorach Zygmunta Ma\u0144kowskiego i Ireneusza Cabana DARIUSZ [&hellip;]","og_url":"https:\/\/radzynskirocznik.pl\/?page_id=2288","og_site_name":"Radzy\u0144ski Rocznik Humanistyczny","article_publisher":"https:\/\/www.facebook.com\/inbrosz","article_modified_time":"2020-10-20T16:42:58+00:00","og_image":[{"width":380,"height":543,"url":"https:\/\/radzynskirocznik.pl\/wp-content\/uploads\/2020\/10\/okladka.jpg","type":"image\/jpeg"}],"twitter_card":"summary_large_image","twitter_misc":{"Szacowany czas czytania":"1 minuta"},"schema":{"@context":"https:\/\/schema.org","@graph":[{"@type":"WebPage","@id":"https:\/\/radzynskirocznik.pl\/?page_id=2288","url":"https:\/\/radzynskirocznik.pl\/?page_id=2288","name":"Tom 18, 2020 - Radzy\u0144ski Rocznik Humanistyczny","isPartOf":{"@id":"https:\/\/radzynskirocznik.pl\/#website"},"primaryImageOfPage":{"@id":"https:\/\/radzynskirocznik.pl\/?page_id=2288#primaryimage"},"image":{"@id":"https:\/\/radzynskirocznik.pl\/?page_id=2288#primaryimage"},"thumbnailUrl":"https:\/\/radzynskirocznik.pl\/wp-content\/uploads\/2020\/10\/okladka.jpg","datePublished":"2020-10-20T13:56:53+00:00","dateModified":"2020-10-20T16:42:58+00:00","breadcrumb":{"@id":"https:\/\/radzynskirocznik.pl\/?page_id=2288#breadcrumb"},"inLanguage":"pl-PL","potentialAction":[{"@type":"ReadAction","target":["https:\/\/radzynskirocznik.pl\/?page_id=2288"]}]},{"@type":"ImageObject","inLanguage":"pl-PL","@id":"https:\/\/radzynskirocznik.pl\/?page_id=2288#primaryimage","url":"https:\/\/radzynskirocznik.pl\/wp-content\/uploads\/2020\/10\/okladka.jpg","contentUrl":"https:\/\/radzynskirocznik.pl\/wp-content\/uploads\/2020\/10\/okladka.jpg","width":380,"height":543},{"@type":"BreadcrumbList","@id":"https:\/\/radzynskirocznik.pl\/?page_id=2288#breadcrumb","itemListElement":[{"@type":"ListItem","position":1,"name":"Strona g\u0142\u00f3wna","item":"https:\/\/radzynskirocznik.pl\/?lang=en"},{"@type":"ListItem","position":2,"name":"Tom 18, 2020"}]},{"@type":"WebSite","@id":"https:\/\/radzynskirocznik.pl\/#website","url":"https:\/\/radzynskirocznik.pl\/","name":"Radzy\u0144ski Rocznik Humanistyczny","description":"","publisher":{"@id":"https:\/\/radzynskirocznik.pl\/#organization"},"potentialAction":[{"@type":"SearchAction","target":{"@type":"EntryPoint","urlTemplate":"https:\/\/radzynskirocznik.pl\/?s={search_term_string}"},"query-input":{"@type":"PropertyValueSpecification","valueRequired":true,"valueName":"search_term_string"}}],"inLanguage":"pl-PL"},{"@type":"Organization","@id":"https:\/\/radzynskirocznik.pl\/#organization","name":"Instytut Bronis\u0142awa Szlubowskiego","url":"https:\/\/radzynskirocznik.pl\/","logo":{"@type":"ImageObject","inLanguage":"pl-PL","@id":"https:\/\/radzynskirocznik.pl\/#\/schema\/logo\/image\/","url":"http:\/\/radzynskirocznik.pl\/wp-content\/uploads\/2020\/12\/logo-pion.jpg","contentUrl":"http:\/\/radzynskirocznik.pl\/wp-content\/uploads\/2020\/12\/logo-pion.jpg","width":1393,"height":727,"caption":"Instytut Bronis\u0142awa Szlubowskiego"},"image":{"@id":"https:\/\/radzynskirocznik.pl\/#\/schema\/logo\/image\/"},"sameAs":["https:\/\/www.facebook.com\/inbrosz"]}]}},"_links":{"self":[{"href":"https:\/\/radzynskirocznik.pl\/index.php?rest_route=\/wp\/v2\/pages\/2288","targetHints":{"allow":["GET"]}}],"collection":[{"href":"https:\/\/radzynskirocznik.pl\/index.php?rest_route=\/wp\/v2\/pages"}],"about":[{"href":"https:\/\/radzynskirocznik.pl\/index.php?rest_route=\/wp\/v2\/types\/page"}],"author":[{"embeddable":true,"href":"https:\/\/radzynskirocznik.pl\/index.php?rest_route=\/wp\/v2\/users\/3"}],"replies":[{"embeddable":true,"href":"https:\/\/radzynskirocznik.pl\/index.php?rest_route=%2Fwp%2Fv2%2Fcomments&post=2288"}],"version-history":[{"count":19,"href":"https:\/\/radzynskirocznik.pl\/index.php?rest_route=\/wp\/v2\/pages\/2288\/revisions"}],"predecessor-version":[{"id":2329,"href":"https:\/\/radzynskirocznik.pl\/index.php?rest_route=\/wp\/v2\/pages\/2288\/revisions\/2329"}],"wp:featuredmedia":[{"embeddable":true,"href":"https:\/\/radzynskirocznik.pl\/index.php?rest_route=\/wp\/v2\/media\/2316"}],"wp:attachment":[{"href":"https:\/\/radzynskirocznik.pl\/index.php?rest_route=%2Fwp%2Fv2%2Fmedia&parent=2288"}],"curies":[{"name":"wp","href":"https:\/\/api.w.org\/{rel}","templated":true}]}}