{"id":14,"date":"2017-02-08T11:05:28","date_gmt":"2017-02-08T11:05:28","guid":{"rendered":"http:\/\/radzynskirocznik.pl\/?page_id=14"},"modified":"2024-11-04T19:27:07","modified_gmt":"2024-11-04T18:27:07","slug":"rada-redakcyjna","status":"publish","type":"page","link":"https:\/\/radzynskirocznik.pl\/?page_id=14","title":{"rendered":"Rada Naukowa"},"content":{"rendered":"<ul>\n<li><a href=\"https:\/\/pracownik.kul.pl\/krzysztof.gombin\/zyciorys\">Krzysztof Gombin, Lublin<\/a><\/li>\n<li><a href=\"http:\/\/www.umcs.pl\/pl\/addres-book-employee,830,pl.html\">Artur G\u00f3rak, Lublin<\/a>\u00a0(przewodnicz\u0105cy)<\/li>\n<li><a href=\"http:\/\/findanexpert.unimelb.edu.au\/display\/person117394\">Darius von Guttner Sporzynski, Melbourne (Australia)<\/a><\/li>\n<li><a href=\"http:\/\/www.home.umk.pl\/~rdegen\/\">Robert Degen, Toru\u0144<\/a><\/li>\n<li><a href=\"http:\/\/www.umcs.pl\/pl\/addres-book-employee,2712,pl.html\">Dariusz Szewczuk, Lublin<\/a><\/li>\n<li><a href=\"http:\/\/www.ihism.uph.edu.pl\/strona-glowna\/aktualnosci\/62-o-instytucie\/pracownicy\/297-wereda-dorota\">Dorota Wereda, Siedlce<\/a><\/li>\n<li><a href=\"https:\/\/pl.wikipedia.org\/wiki\/Eugeniusz_Wilkowski\">Eugeniusz Wilkowski, Che\u0142m<\/a><\/li>\n<\/ul>\n","protected":false},"excerpt":{"rendered":"<p>Krzysztof Gombin, Lublin Artur G\u00f3rak, Lublin\u00a0(przewodnicz\u0105cy) Darius von Guttner Sporzynski, Melbourne (Australia) Robert Degen, Toru\u0144 Dariusz Szewczuk, Lublin Dorota Wereda, Siedlce Eugeniusz Wilkowski, Che\u0142m<\/p>\n","protected":false},"author":1,"featured_media":0,"parent":0,"menu_order":0,"comment_status":"closed","ping_status":"closed","template":"","meta":{"footnotes":""},"class_list":["post-14","page","type-page","status-publish","hentry"],"yoast_head":"<!-- This site is optimized with the Yoast SEO plugin v26.6 - https:\/\/yoast.com\/wordpress\/plugins\/seo\/ -->\n<title>Rada Naukowa - Radzy\u0144ski Rocznik Humanistyczny<\/title>\n<meta name=\"robots\" content=\"index, follow, max-snippet:-1, max-image-preview:large, max-video-preview:-1\" \/>\n<link rel=\"canonical\" href=\"https:\/\/radzynskirocznik.pl\/?page_id=14\" \/>\n<meta property=\"og:locale\" content=\"pl_PL\" \/>\n<meta property=\"og:type\" content=\"article\" \/>\n<meta property=\"og:title\" content=\"Rada Naukowa - Radzy\u0144ski Rocznik Humanistyczny\" \/>\n<meta property=\"og:description\" content=\"Krzysztof Gombin, Lublin Artur G\u00f3rak, Lublin\u00a0(przewodnicz\u0105cy) Darius von Guttner Sporzynski, Melbourne (Australia) Robert Degen, Toru\u0144 Dariusz Szewczuk, Lublin Dorota Wereda, Siedlce Eugeniusz Wilkowski, Che\u0142m\" \/>\n<meta property=\"og:url\" content=\"https:\/\/radzynskirocznik.pl\/?page_id=14\" \/>\n<meta property=\"og:site_name\" content=\"Radzy\u0144ski Rocznik Humanistyczny\" \/>\n<meta property=\"article:publisher\" content=\"https:\/\/www.facebook.com\/inbrosz\" \/>\n<meta property=\"article:modified_time\" content=\"2024-11-04T18:27:07+00:00\" \/>\n<meta name=\"twitter:card\" content=\"summary_large_image\" \/>\n<meta name=\"twitter:label1\" content=\"Szacowany czas czytania\" \/>\n\t<meta name=\"twitter:data1\" content=\"1 minuta\" \/>\n<script type=\"application\/ld+json\" class=\"yoast-schema-graph\">{\"@context\":\"https:\/\/schema.org\",\"@graph\":[{\"@type\":\"WebPage\",\"@id\":\"https:\/\/radzynskirocznik.pl\/?page_id=14\",\"url\":\"https:\/\/radzynskirocznik.pl\/?page_id=14\",\"name\":\"Rada Naukowa - Radzy\u0144ski Rocznik Humanistyczny\",\"isPartOf\":{\"@id\":\"https:\/\/radzynskirocznik.pl\/#website\"},\"datePublished\":\"2017-02-08T11:05:28+00:00\",\"dateModified\":\"2024-11-04T18:27:07+00:00\",\"breadcrumb\":{\"@id\":\"https:\/\/radzynskirocznik.pl\/?page_id=14#breadcrumb\"},\"inLanguage\":\"pl-PL\",\"potentialAction\":[{\"@type\":\"ReadAction\",\"target\":[\"https:\/\/radzynskirocznik.pl\/?page_id=14\"]}]},{\"@type\":\"BreadcrumbList\",\"@id\":\"https:\/\/radzynskirocznik.pl\/?page_id=14#breadcrumb\",\"itemListElement\":[{\"@type\":\"ListItem\",\"position\":1,\"name\":\"Strona g\u0142\u00f3wna\",\"item\":\"https:\/\/radzynskirocznik.pl\/?lang=en\"},{\"@type\":\"ListItem\",\"position\":2,\"name\":\"Rada Naukowa\"}]},{\"@type\":\"WebSite\",\"@id\":\"https:\/\/radzynskirocznik.pl\/#website\",\"url\":\"https:\/\/radzynskirocznik.pl\/\",\"name\":\"Radzy\u0144ski Rocznik Humanistyczny\",\"description\":\"\",\"publisher\":{\"@id\":\"https:\/\/radzynskirocznik.pl\/#organization\"},\"potentialAction\":[{\"@type\":\"SearchAction\",\"target\":{\"@type\":\"EntryPoint\",\"urlTemplate\":\"https:\/\/radzynskirocznik.pl\/?s={search_term_string}\"},\"query-input\":{\"@type\":\"PropertyValueSpecification\",\"valueRequired\":true,\"valueName\":\"search_term_string\"}}],\"inLanguage\":\"pl-PL\"},{\"@type\":\"Organization\",\"@id\":\"https:\/\/radzynskirocznik.pl\/#organization\",\"name\":\"Instytut Bronis\u0142awa Szlubowskiego\",\"url\":\"https:\/\/radzynskirocznik.pl\/\",\"logo\":{\"@type\":\"ImageObject\",\"inLanguage\":\"pl-PL\",\"@id\":\"https:\/\/radzynskirocznik.pl\/#\/schema\/logo\/image\/\",\"url\":\"http:\/\/radzynskirocznik.pl\/wp-content\/uploads\/2020\/12\/logo-pion.jpg\",\"contentUrl\":\"http:\/\/radzynskirocznik.pl\/wp-content\/uploads\/2020\/12\/logo-pion.jpg\",\"width\":1393,\"height\":727,\"caption\":\"Instytut Bronis\u0142awa Szlubowskiego\"},\"image\":{\"@id\":\"https:\/\/radzynskirocznik.pl\/#\/schema\/logo\/image\/\"},\"sameAs\":[\"https:\/\/www.facebook.com\/inbrosz\"]}]}<\/script>\n<!-- \/ Yoast SEO plugin. -->","yoast_head_json":{"title":"Rada Naukowa - Radzy\u0144ski Rocznik Humanistyczny","robots":{"index":"index","follow":"follow","max-snippet":"max-snippet:-1","max-image-preview":"max-image-preview:large","max-video-preview":"max-video-preview:-1"},"canonical":"https:\/\/radzynskirocznik.pl\/?page_id=14","og_locale":"pl_PL","og_type":"article","og_title":"Rada Naukowa - Radzy\u0144ski Rocznik Humanistyczny","og_description":"Krzysztof Gombin, Lublin Artur G\u00f3rak, Lublin\u00a0(przewodnicz\u0105cy) Darius von Guttner Sporzynski, Melbourne (Australia) Robert Degen, Toru\u0144 Dariusz Szewczuk, Lublin Dorota Wereda, Siedlce Eugeniusz Wilkowski, Che\u0142m","og_url":"https:\/\/radzynskirocznik.pl\/?page_id=14","og_site_name":"Radzy\u0144ski Rocznik Humanistyczny","article_publisher":"https:\/\/www.facebook.com\/inbrosz","article_modified_time":"2024-11-04T18:27:07+00:00","twitter_card":"summary_large_image","twitter_misc":{"Szacowany czas czytania":"1 minuta"},"schema":{"@context":"https:\/\/schema.org","@graph":[{"@type":"WebPage","@id":"https:\/\/radzynskirocznik.pl\/?page_id=14","url":"https:\/\/radzynskirocznik.pl\/?page_id=14","name":"Rada Naukowa - Radzy\u0144ski Rocznik Humanistyczny","isPartOf":{"@id":"https:\/\/radzynskirocznik.pl\/#website"},"datePublished":"2017-02-08T11:05:28+00:00","dateModified":"2024-11-04T18:27:07+00:00","breadcrumb":{"@id":"https:\/\/radzynskirocznik.pl\/?page_id=14#breadcrumb"},"inLanguage":"pl-PL","potentialAction":[{"@type":"ReadAction","target":["https:\/\/radzynskirocznik.pl\/?page_id=14"]}]},{"@type":"BreadcrumbList","@id":"https:\/\/radzynskirocznik.pl\/?page_id=14#breadcrumb","itemListElement":[{"@type":"ListItem","position":1,"name":"Strona g\u0142\u00f3wna","item":"https:\/\/radzynskirocznik.pl\/?lang=en"},{"@type":"ListItem","position":2,"name":"Rada Naukowa"}]},{"@type":"WebSite","@id":"https:\/\/radzynskirocznik.pl\/#website","url":"https:\/\/radzynskirocznik.pl\/","name":"Radzy\u0144ski Rocznik Humanistyczny","description":"","publisher":{"@id":"https:\/\/radzynskirocznik.pl\/#organization"},"potentialAction":[{"@type":"SearchAction","target":{"@type":"EntryPoint","urlTemplate":"https:\/\/radzynskirocznik.pl\/?s={search_term_string}"},"query-input":{"@type":"PropertyValueSpecification","valueRequired":true,"valueName":"search_term_string"}}],"inLanguage":"pl-PL"},{"@type":"Organization","@id":"https:\/\/radzynskirocznik.pl\/#organization","name":"Instytut Bronis\u0142awa Szlubowskiego","url":"https:\/\/radzynskirocznik.pl\/","logo":{"@type":"ImageObject","inLanguage":"pl-PL","@id":"https:\/\/radzynskirocznik.pl\/#\/schema\/logo\/image\/","url":"http:\/\/radzynskirocznik.pl\/wp-content\/uploads\/2020\/12\/logo-pion.jpg","contentUrl":"http:\/\/radzynskirocznik.pl\/wp-content\/uploads\/2020\/12\/logo-pion.jpg","width":1393,"height":727,"caption":"Instytut Bronis\u0142awa Szlubowskiego"},"image":{"@id":"https:\/\/radzynskirocznik.pl\/#\/schema\/logo\/image\/"},"sameAs":["https:\/\/www.facebook.com\/inbrosz"]}]}},"_links":{"self":[{"href":"https:\/\/radzynskirocznik.pl\/index.php?rest_route=\/wp\/v2\/pages\/14","targetHints":{"allow":["GET"]}}],"collection":[{"href":"https:\/\/radzynskirocznik.pl\/index.php?rest_route=\/wp\/v2\/pages"}],"about":[{"href":"https:\/\/radzynskirocznik.pl\/index.php?rest_route=\/wp\/v2\/types\/page"}],"author":[{"embeddable":true,"href":"https:\/\/radzynskirocznik.pl\/index.php?rest_route=\/wp\/v2\/users\/1"}],"replies":[{"embeddable":true,"href":"https:\/\/radzynskirocznik.pl\/index.php?rest_route=%2Fwp%2Fv2%2Fcomments&post=14"}],"version-history":[{"count":15,"href":"https:\/\/radzynskirocznik.pl\/index.php?rest_route=\/wp\/v2\/pages\/14\/revisions"}],"predecessor-version":[{"id":4135,"href":"https:\/\/radzynskirocznik.pl\/index.php?rest_route=\/wp\/v2\/pages\/14\/revisions\/4135"}],"wp:attachment":[{"href":"https:\/\/radzynskirocznik.pl\/index.php?rest_route=%2Fwp%2Fv2%2Fmedia&parent=14"}],"curies":[{"name":"wp","href":"https:\/\/api.w.org\/{rel}","templated":true}]}}