{"id":12,"date":"2017-02-08T11:05:18","date_gmt":"2017-02-08T11:05:18","guid":{"rendered":"http:\/\/radzynskirocznik.pl\/?page_id=12"},"modified":"2024-10-15T22:07:08","modified_gmt":"2024-10-15T20:07:08","slug":"redakcja","status":"publish","type":"page","link":"https:\/\/radzynskirocznik.pl\/?page_id=12","title":{"rendered":"Redakcja"},"content":{"rendered":"<ul>\n<li><a href=\"https:\/\/dmagier.wixsite.com\/magier\/bio\">Dariusz Magier<\/a> \u2013 redaktor naczelny<\/li>\n<li>Artur Rogalski \u2013 redaktor tematyczny<\/li>\n<li>vacat \u2013 sekretarz redakcji<\/li>\n<li>Adam \u015awi\u0107 &#8211; redaktor j\u0119zykowy<\/li>\n<li>Przemys\u0142aw Krupski \u2013 grafika<\/li>\n<\/ul>\n","protected":false},"excerpt":{"rendered":"<p>Dariusz Magier \u2013 redaktor naczelny Artur Rogalski \u2013 redaktor tematyczny vacat \u2013 sekretarz redakcji Adam \u015awi\u0107 &#8211; redaktor j\u0119zykowy Przemys\u0142aw Krupski \u2013 grafika<\/p>\n","protected":false},"author":1,"featured_media":0,"parent":0,"menu_order":0,"comment_status":"closed","ping_status":"closed","template":"","meta":{"footnotes":""},"class_list":["post-12","page","type-page","status-publish","hentry"],"yoast_head":"<!-- This site is optimized with the Yoast SEO plugin v26.6 - https:\/\/yoast.com\/wordpress\/plugins\/seo\/ -->\n<title>Redakcja - Radzy\u0144ski Rocznik Humanistyczny<\/title>\n<meta name=\"robots\" content=\"index, follow, max-snippet:-1, max-image-preview:large, max-video-preview:-1\" \/>\n<link rel=\"canonical\" href=\"https:\/\/radzynskirocznik.pl\/?page_id=12\" \/>\n<meta property=\"og:locale\" content=\"pl_PL\" \/>\n<meta property=\"og:type\" content=\"article\" \/>\n<meta property=\"og:title\" content=\"Redakcja - Radzy\u0144ski Rocznik Humanistyczny\" \/>\n<meta property=\"og:description\" content=\"Dariusz Magier \u2013 redaktor naczelny Artur Rogalski \u2013 redaktor tematyczny vacat \u2013 sekretarz redakcji Adam \u015awi\u0107 &#8211; redaktor j\u0119zykowy Przemys\u0142aw Krupski \u2013 grafika\" \/>\n<meta property=\"og:url\" content=\"https:\/\/radzynskirocznik.pl\/?page_id=12\" \/>\n<meta property=\"og:site_name\" content=\"Radzy\u0144ski Rocznik Humanistyczny\" \/>\n<meta property=\"article:publisher\" content=\"https:\/\/www.facebook.com\/inbrosz\" \/>\n<meta property=\"article:modified_time\" content=\"2024-10-15T20:07:08+00:00\" \/>\n<meta name=\"twitter:card\" content=\"summary_large_image\" \/>\n<meta name=\"twitter:label1\" content=\"Szacowany czas czytania\" \/>\n\t<meta name=\"twitter:data1\" content=\"1 minuta\" \/>\n<script type=\"application\/ld+json\" class=\"yoast-schema-graph\">{\"@context\":\"https:\/\/schema.org\",\"@graph\":[{\"@type\":\"WebPage\",\"@id\":\"https:\/\/radzynskirocznik.pl\/?page_id=12\",\"url\":\"https:\/\/radzynskirocznik.pl\/?page_id=12\",\"name\":\"Redakcja - Radzy\u0144ski Rocznik Humanistyczny\",\"isPartOf\":{\"@id\":\"https:\/\/radzynskirocznik.pl\/#website\"},\"datePublished\":\"2017-02-08T11:05:18+00:00\",\"dateModified\":\"2024-10-15T20:07:08+00:00\",\"breadcrumb\":{\"@id\":\"https:\/\/radzynskirocznik.pl\/?page_id=12#breadcrumb\"},\"inLanguage\":\"pl-PL\",\"potentialAction\":[{\"@type\":\"ReadAction\",\"target\":[\"https:\/\/radzynskirocznik.pl\/?page_id=12\"]}]},{\"@type\":\"BreadcrumbList\",\"@id\":\"https:\/\/radzynskirocznik.pl\/?page_id=12#breadcrumb\",\"itemListElement\":[{\"@type\":\"ListItem\",\"position\":1,\"name\":\"Strona g\u0142\u00f3wna\",\"item\":\"https:\/\/radzynskirocznik.pl\/?lang=en\"},{\"@type\":\"ListItem\",\"position\":2,\"name\":\"Redakcja\"}]},{\"@type\":\"WebSite\",\"@id\":\"https:\/\/radzynskirocznik.pl\/#website\",\"url\":\"https:\/\/radzynskirocznik.pl\/\",\"name\":\"Radzy\u0144ski Rocznik Humanistyczny\",\"description\":\"\",\"publisher\":{\"@id\":\"https:\/\/radzynskirocznik.pl\/#organization\"},\"potentialAction\":[{\"@type\":\"SearchAction\",\"target\":{\"@type\":\"EntryPoint\",\"urlTemplate\":\"https:\/\/radzynskirocznik.pl\/?s={search_term_string}\"},\"query-input\":{\"@type\":\"PropertyValueSpecification\",\"valueRequired\":true,\"valueName\":\"search_term_string\"}}],\"inLanguage\":\"pl-PL\"},{\"@type\":\"Organization\",\"@id\":\"https:\/\/radzynskirocznik.pl\/#organization\",\"name\":\"Instytut Bronis\u0142awa Szlubowskiego\",\"url\":\"https:\/\/radzynskirocznik.pl\/\",\"logo\":{\"@type\":\"ImageObject\",\"inLanguage\":\"pl-PL\",\"@id\":\"https:\/\/radzynskirocznik.pl\/#\/schema\/logo\/image\/\",\"url\":\"http:\/\/radzynskirocznik.pl\/wp-content\/uploads\/2020\/12\/logo-pion.jpg\",\"contentUrl\":\"http:\/\/radzynskirocznik.pl\/wp-content\/uploads\/2020\/12\/logo-pion.jpg\",\"width\":1393,\"height\":727,\"caption\":\"Instytut Bronis\u0142awa Szlubowskiego\"},\"image\":{\"@id\":\"https:\/\/radzynskirocznik.pl\/#\/schema\/logo\/image\/\"},\"sameAs\":[\"https:\/\/www.facebook.com\/inbrosz\"]}]}<\/script>\n<!-- \/ Yoast SEO plugin. -->","yoast_head_json":{"title":"Redakcja - Radzy\u0144ski Rocznik Humanistyczny","robots":{"index":"index","follow":"follow","max-snippet":"max-snippet:-1","max-image-preview":"max-image-preview:large","max-video-preview":"max-video-preview:-1"},"canonical":"https:\/\/radzynskirocznik.pl\/?page_id=12","og_locale":"pl_PL","og_type":"article","og_title":"Redakcja - Radzy\u0144ski Rocznik Humanistyczny","og_description":"Dariusz Magier \u2013 redaktor naczelny Artur Rogalski \u2013 redaktor tematyczny vacat \u2013 sekretarz redakcji Adam \u015awi\u0107 &#8211; redaktor j\u0119zykowy Przemys\u0142aw Krupski \u2013 grafika","og_url":"https:\/\/radzynskirocznik.pl\/?page_id=12","og_site_name":"Radzy\u0144ski Rocznik Humanistyczny","article_publisher":"https:\/\/www.facebook.com\/inbrosz","article_modified_time":"2024-10-15T20:07:08+00:00","twitter_card":"summary_large_image","twitter_misc":{"Szacowany czas czytania":"1 minuta"},"schema":{"@context":"https:\/\/schema.org","@graph":[{"@type":"WebPage","@id":"https:\/\/radzynskirocznik.pl\/?page_id=12","url":"https:\/\/radzynskirocznik.pl\/?page_id=12","name":"Redakcja - Radzy\u0144ski Rocznik Humanistyczny","isPartOf":{"@id":"https:\/\/radzynskirocznik.pl\/#website"},"datePublished":"2017-02-08T11:05:18+00:00","dateModified":"2024-10-15T20:07:08+00:00","breadcrumb":{"@id":"https:\/\/radzynskirocznik.pl\/?page_id=12#breadcrumb"},"inLanguage":"pl-PL","potentialAction":[{"@type":"ReadAction","target":["https:\/\/radzynskirocznik.pl\/?page_id=12"]}]},{"@type":"BreadcrumbList","@id":"https:\/\/radzynskirocznik.pl\/?page_id=12#breadcrumb","itemListElement":[{"@type":"ListItem","position":1,"name":"Strona g\u0142\u00f3wna","item":"https:\/\/radzynskirocznik.pl\/?lang=en"},{"@type":"ListItem","position":2,"name":"Redakcja"}]},{"@type":"WebSite","@id":"https:\/\/radzynskirocznik.pl\/#website","url":"https:\/\/radzynskirocznik.pl\/","name":"Radzy\u0144ski Rocznik Humanistyczny","description":"","publisher":{"@id":"https:\/\/radzynskirocznik.pl\/#organization"},"potentialAction":[{"@type":"SearchAction","target":{"@type":"EntryPoint","urlTemplate":"https:\/\/radzynskirocznik.pl\/?s={search_term_string}"},"query-input":{"@type":"PropertyValueSpecification","valueRequired":true,"valueName":"search_term_string"}}],"inLanguage":"pl-PL"},{"@type":"Organization","@id":"https:\/\/radzynskirocznik.pl\/#organization","name":"Instytut Bronis\u0142awa Szlubowskiego","url":"https:\/\/radzynskirocznik.pl\/","logo":{"@type":"ImageObject","inLanguage":"pl-PL","@id":"https:\/\/radzynskirocznik.pl\/#\/schema\/logo\/image\/","url":"http:\/\/radzynskirocznik.pl\/wp-content\/uploads\/2020\/12\/logo-pion.jpg","contentUrl":"http:\/\/radzynskirocznik.pl\/wp-content\/uploads\/2020\/12\/logo-pion.jpg","width":1393,"height":727,"caption":"Instytut Bronis\u0142awa Szlubowskiego"},"image":{"@id":"https:\/\/radzynskirocznik.pl\/#\/schema\/logo\/image\/"},"sameAs":["https:\/\/www.facebook.com\/inbrosz"]}]}},"_links":{"self":[{"href":"https:\/\/radzynskirocznik.pl\/index.php?rest_route=\/wp\/v2\/pages\/12","targetHints":{"allow":["GET"]}}],"collection":[{"href":"https:\/\/radzynskirocznik.pl\/index.php?rest_route=\/wp\/v2\/pages"}],"about":[{"href":"https:\/\/radzynskirocznik.pl\/index.php?rest_route=\/wp\/v2\/types\/page"}],"author":[{"embeddable":true,"href":"https:\/\/radzynskirocznik.pl\/index.php?rest_route=\/wp\/v2\/users\/1"}],"replies":[{"embeddable":true,"href":"https:\/\/radzynskirocznik.pl\/index.php?rest_route=%2Fwp%2Fv2%2Fcomments&post=12"}],"version-history":[{"count":5,"href":"https:\/\/radzynskirocznik.pl\/index.php?rest_route=\/wp\/v2\/pages\/12\/revisions"}],"predecessor-version":[{"id":4126,"href":"https:\/\/radzynskirocznik.pl\/index.php?rest_route=\/wp\/v2\/pages\/12\/revisions\/4126"}],"wp:attachment":[{"href":"https:\/\/radzynskirocznik.pl\/index.php?rest_route=%2Fwp%2Fv2%2Fmedia&parent=12"}],"curies":[{"name":"wp","href":"https:\/\/api.w.org\/{rel}","templated":true}]}}