{"id":1156,"date":"2020-03-14T13:06:38","date_gmt":"2020-03-14T13:06:38","guid":{"rendered":"http:\/\/radzynskirocznik.pl\/?page_id=1156"},"modified":"2020-03-14T15:12:32","modified_gmt":"2020-03-14T15:12:32","slug":"reviewers-for-volume-17-2019","status":"publish","type":"page","link":"https:\/\/radzynskirocznik.pl\/?page_id=1156&lang=en","title":{"rendered":"Reviewers for volume 16\/2019"},"content":{"rendered":"<ul>\n<li>dr Mariusz Bechta (Institute of National Remembrance, Warsaw)<\/li>\n<li>dr Pawe\u0142 Borek (Municipal Public Library, Bia\u0142a Podlaska)<\/li>\n<li>dr Adam D\u0105browski (Archives of New Files, Warsaw)<\/li>\n<li>hab. dr Robert Degen (Nicolaus Copernicus University, Toru\u0144)<\/li>\n<li>dr Agnieszka G\u0105tarczyk (Secondary School Complex, Radzy\u0144 Podlaski)<\/li>\n<li>hab. dr Andrzej Gil (Catholic University of Lublin, Lublin)<\/li>\n<li>hab. dr Krzysztof Gombin (Catholic University of Lublin, Lublin)<\/li>\n<li>hab. dr Artur G\u00f3rak (Maria Curie-Sk\u0142odowska University, Lublin)<\/li>\n<li>dr Joanna Kowalik Bylicka (State Archives, Lublin)<\/li>\n<li>hab. dr Marcin Kruszy\u0144ski (Military Aviation Academy, D\u0119blin)<\/li>\n<li>hab. dr. Wies\u0142aw Nowosad (Nicolaus Copernicus University, Toru\u0144)<\/li>\n<li>hab. dr Ryszard Polak (Academy of Physical Education, Bia\u0142a Podlaska Branch)<\/li>\n<li>Artur Rogalski, (Armory Museum at the Castle in Liw)<\/li>\n<li>dr Rafa\u0142 Roguski (University of Natural Sciences and Humanities)<\/li>\n<li>hab. dr Miros\u0142aw Szuma\u0142o (Maria Curie-Sk\u0142odowska University, Lublin)<\/li>\n<li>hab. dr Beata Wal\u0119ciuk-Dejneka (University of Natural Sciences and Humanities)<\/li>\n<li>prof. hab. dr Wojciech W\u0142odarkiewicz (Military University of Technology, Warsaw)<\/li>\n<li>hab. dr Jacek Wo\u0142oszyn (Catholic University of Lublin, Lublin)<\/li>\n<li>Artur Ziontek, (Municipal and Communal Culture Center in Kos\u00f3w Lacki)<\/li>\n<\/ul>\n","protected":false},"excerpt":{"rendered":"<p>dr Mariusz Bechta (Institute of National Remembrance, Warsaw) dr Pawe\u0142 Borek (Municipal Public Library, Bia\u0142a Podlaska) dr Adam D\u0105browski (Archives of New Files, Warsaw) hab. dr Robert Degen (Nicolaus Copernicus University, Toru\u0144) dr Agnieszka G\u0105tarczyk (Secondary School Complex, Radzy\u0144 Podlaski) hab. dr Andrzej Gil (Catholic University of Lublin, Lublin) hab. dr Krzysztof Gombin (Catholic University [&hellip;]<\/p>\n","protected":false},"author":3,"featured_media":0,"parent":0,"menu_order":0,"comment_status":"closed","ping_status":"closed","template":"","meta":{"footnotes":""},"class_list":["post-1156","page","type-page","status-publish","hentry"],"yoast_head":"<!-- This site is optimized with the Yoast SEO plugin v26.6 - https:\/\/yoast.com\/wordpress\/plugins\/seo\/ -->\n<title>Reviewers for volume 16\/2019 - Radzy\u0144ski Rocznik Humanistyczny<\/title>\n<meta name=\"robots\" content=\"index, follow, max-snippet:-1, max-image-preview:large, max-video-preview:-1\" \/>\n<link rel=\"canonical\" href=\"https:\/\/radzynskirocznik.pl\/?page_id=1156&lang=en\" \/>\n<meta property=\"og:locale\" content=\"pl_PL\" \/>\n<meta property=\"og:type\" content=\"article\" \/>\n<meta property=\"og:title\" content=\"Reviewers for volume 16\/2019 - Radzy\u0144ski Rocznik Humanistyczny\" \/>\n<meta property=\"og:description\" content=\"dr Mariusz Bechta (Institute of National Remembrance, Warsaw) dr Pawe\u0142 Borek (Municipal Public Library, Bia\u0142a Podlaska) dr Adam D\u0105browski (Archives of New Files, Warsaw) hab. dr Robert Degen (Nicolaus Copernicus University, Toru\u0144) dr Agnieszka G\u0105tarczyk (Secondary School Complex, Radzy\u0144 Podlaski) hab. dr Andrzej Gil (Catholic University of Lublin, Lublin) hab. dr Krzysztof Gombin (Catholic University [&hellip;]\" \/>\n<meta property=\"og:url\" content=\"https:\/\/radzynskirocznik.pl\/?page_id=1156&amp;lang=en\" \/>\n<meta property=\"og:site_name\" content=\"Radzy\u0144ski Rocznik Humanistyczny\" \/>\n<meta property=\"article:publisher\" content=\"https:\/\/www.facebook.com\/inbrosz\" \/>\n<meta property=\"article:modified_time\" content=\"2020-03-14T15:12:32+00:00\" \/>\n<meta name=\"twitter:card\" content=\"summary_large_image\" \/>\n<meta name=\"twitter:label1\" content=\"Szacowany czas czytania\" \/>\n\t<meta name=\"twitter:data1\" content=\"1 minuta\" \/>\n<script type=\"application\/ld+json\" class=\"yoast-schema-graph\">{\"@context\":\"https:\/\/schema.org\",\"@graph\":[{\"@type\":\"WebPage\",\"@id\":\"https:\/\/radzynskirocznik.pl\/?page_id=1156&lang=en\",\"url\":\"https:\/\/radzynskirocznik.pl\/?page_id=1156&lang=en\",\"name\":\"Reviewers for volume 16\/2019 - Radzy\u0144ski Rocznik Humanistyczny\",\"isPartOf\":{\"@id\":\"https:\/\/radzynskirocznik.pl\/#website\"},\"datePublished\":\"2020-03-14T13:06:38+00:00\",\"dateModified\":\"2020-03-14T15:12:32+00:00\",\"breadcrumb\":{\"@id\":\"https:\/\/radzynskirocznik.pl\/?page_id=1156&lang=en#breadcrumb\"},\"inLanguage\":\"pl-PL\",\"potentialAction\":[{\"@type\":\"ReadAction\",\"target\":[\"https:\/\/radzynskirocznik.pl\/?page_id=1156&lang=en\"]}]},{\"@type\":\"BreadcrumbList\",\"@id\":\"https:\/\/radzynskirocznik.pl\/?page_id=1156&lang=en#breadcrumb\",\"itemListElement\":[{\"@type\":\"ListItem\",\"position\":1,\"name\":\"Strona g\u0142\u00f3wna\",\"item\":\"https:\/\/radzynskirocznik.pl\/?lang=en\"},{\"@type\":\"ListItem\",\"position\":2,\"name\":\"Reviewers for volume 16\/2019\"}]},{\"@type\":\"WebSite\",\"@id\":\"https:\/\/radzynskirocznik.pl\/#website\",\"url\":\"https:\/\/radzynskirocznik.pl\/\",\"name\":\"Radzy\u0144ski Rocznik Humanistyczny\",\"description\":\"\",\"publisher\":{\"@id\":\"https:\/\/radzynskirocznik.pl\/#organization\"},\"potentialAction\":[{\"@type\":\"SearchAction\",\"target\":{\"@type\":\"EntryPoint\",\"urlTemplate\":\"https:\/\/radzynskirocznik.pl\/?s={search_term_string}\"},\"query-input\":{\"@type\":\"PropertyValueSpecification\",\"valueRequired\":true,\"valueName\":\"search_term_string\"}}],\"inLanguage\":\"pl-PL\"},{\"@type\":\"Organization\",\"@id\":\"https:\/\/radzynskirocznik.pl\/#organization\",\"name\":\"Instytut Bronis\u0142awa Szlubowskiego\",\"url\":\"https:\/\/radzynskirocznik.pl\/\",\"logo\":{\"@type\":\"ImageObject\",\"inLanguage\":\"pl-PL\",\"@id\":\"https:\/\/radzynskirocznik.pl\/#\/schema\/logo\/image\/\",\"url\":\"http:\/\/radzynskirocznik.pl\/wp-content\/uploads\/2020\/12\/logo-pion.jpg\",\"contentUrl\":\"http:\/\/radzynskirocznik.pl\/wp-content\/uploads\/2020\/12\/logo-pion.jpg\",\"width\":1393,\"height\":727,\"caption\":\"Instytut Bronis\u0142awa Szlubowskiego\"},\"image\":{\"@id\":\"https:\/\/radzynskirocznik.pl\/#\/schema\/logo\/image\/\"},\"sameAs\":[\"https:\/\/www.facebook.com\/inbrosz\"]}]}<\/script>\n<!-- \/ Yoast SEO plugin. -->","yoast_head_json":{"title":"Reviewers for volume 16\/2019 - Radzy\u0144ski Rocznik Humanistyczny","robots":{"index":"index","follow":"follow","max-snippet":"max-snippet:-1","max-image-preview":"max-image-preview:large","max-video-preview":"max-video-preview:-1"},"canonical":"https:\/\/radzynskirocznik.pl\/?page_id=1156&lang=en","og_locale":"pl_PL","og_type":"article","og_title":"Reviewers for volume 16\/2019 - Radzy\u0144ski Rocznik Humanistyczny","og_description":"dr Mariusz Bechta (Institute of National Remembrance, Warsaw) dr Pawe\u0142 Borek (Municipal Public Library, Bia\u0142a Podlaska) dr Adam D\u0105browski (Archives of New Files, Warsaw) hab. dr Robert Degen (Nicolaus Copernicus University, Toru\u0144) dr Agnieszka G\u0105tarczyk (Secondary School Complex, Radzy\u0144 Podlaski) hab. dr Andrzej Gil (Catholic University of Lublin, Lublin) hab. dr Krzysztof Gombin (Catholic University [&hellip;]","og_url":"https:\/\/radzynskirocznik.pl\/?page_id=1156&lang=en","og_site_name":"Radzy\u0144ski Rocznik Humanistyczny","article_publisher":"https:\/\/www.facebook.com\/inbrosz","article_modified_time":"2020-03-14T15:12:32+00:00","twitter_card":"summary_large_image","twitter_misc":{"Szacowany czas czytania":"1 minuta"},"schema":{"@context":"https:\/\/schema.org","@graph":[{"@type":"WebPage","@id":"https:\/\/radzynskirocznik.pl\/?page_id=1156&lang=en","url":"https:\/\/radzynskirocznik.pl\/?page_id=1156&lang=en","name":"Reviewers for volume 16\/2019 - Radzy\u0144ski Rocznik Humanistyczny","isPartOf":{"@id":"https:\/\/radzynskirocznik.pl\/#website"},"datePublished":"2020-03-14T13:06:38+00:00","dateModified":"2020-03-14T15:12:32+00:00","breadcrumb":{"@id":"https:\/\/radzynskirocznik.pl\/?page_id=1156&lang=en#breadcrumb"},"inLanguage":"pl-PL","potentialAction":[{"@type":"ReadAction","target":["https:\/\/radzynskirocznik.pl\/?page_id=1156&lang=en"]}]},{"@type":"BreadcrumbList","@id":"https:\/\/radzynskirocznik.pl\/?page_id=1156&lang=en#breadcrumb","itemListElement":[{"@type":"ListItem","position":1,"name":"Strona g\u0142\u00f3wna","item":"https:\/\/radzynskirocznik.pl\/?lang=en"},{"@type":"ListItem","position":2,"name":"Reviewers for volume 16\/2019"}]},{"@type":"WebSite","@id":"https:\/\/radzynskirocznik.pl\/#website","url":"https:\/\/radzynskirocznik.pl\/","name":"Radzy\u0144ski Rocznik Humanistyczny","description":"","publisher":{"@id":"https:\/\/radzynskirocznik.pl\/#organization"},"potentialAction":[{"@type":"SearchAction","target":{"@type":"EntryPoint","urlTemplate":"https:\/\/radzynskirocznik.pl\/?s={search_term_string}"},"query-input":{"@type":"PropertyValueSpecification","valueRequired":true,"valueName":"search_term_string"}}],"inLanguage":"pl-PL"},{"@type":"Organization","@id":"https:\/\/radzynskirocznik.pl\/#organization","name":"Instytut Bronis\u0142awa Szlubowskiego","url":"https:\/\/radzynskirocznik.pl\/","logo":{"@type":"ImageObject","inLanguage":"pl-PL","@id":"https:\/\/radzynskirocznik.pl\/#\/schema\/logo\/image\/","url":"http:\/\/radzynskirocznik.pl\/wp-content\/uploads\/2020\/12\/logo-pion.jpg","contentUrl":"http:\/\/radzynskirocznik.pl\/wp-content\/uploads\/2020\/12\/logo-pion.jpg","width":1393,"height":727,"caption":"Instytut Bronis\u0142awa Szlubowskiego"},"image":{"@id":"https:\/\/radzynskirocznik.pl\/#\/schema\/logo\/image\/"},"sameAs":["https:\/\/www.facebook.com\/inbrosz"]}]}},"_links":{"self":[{"href":"https:\/\/radzynskirocznik.pl\/index.php?rest_route=\/wp\/v2\/pages\/1156","targetHints":{"allow":["GET"]}}],"collection":[{"href":"https:\/\/radzynskirocznik.pl\/index.php?rest_route=\/wp\/v2\/pages"}],"about":[{"href":"https:\/\/radzynskirocznik.pl\/index.php?rest_route=\/wp\/v2\/types\/page"}],"author":[{"embeddable":true,"href":"https:\/\/radzynskirocznik.pl\/index.php?rest_route=\/wp\/v2\/users\/3"}],"replies":[{"embeddable":true,"href":"https:\/\/radzynskirocznik.pl\/index.php?rest_route=%2Fwp%2Fv2%2Fcomments&post=1156"}],"version-history":[{"count":5,"href":"https:\/\/radzynskirocznik.pl\/index.php?rest_route=\/wp\/v2\/pages\/1156\/revisions"}],"predecessor-version":[{"id":1210,"href":"https:\/\/radzynskirocznik.pl\/index.php?rest_route=\/wp\/v2\/pages\/1156\/revisions\/1210"}],"wp:attachment":[{"href":"https:\/\/radzynskirocznik.pl\/index.php?rest_route=%2Fwp%2Fv2%2Fmedia&parent=1156"}],"curies":[{"name":"wp","href":"https:\/\/api.w.org\/{rel}","templated":true}]}}